{"id":11815,"date":"2023-12-30T13:08:58","date_gmt":"2023-12-30T13:08:58","guid":{"rendered":"https:\/\/aldeesinfantils.org\/programa-caixa-proinfancia"},"modified":"2024-09-30T18:53:48","modified_gmt":"2024-09-30T18:53:48","slug":"programa-caixa-proinfancia","status":"publish","type":"page","link":"https:\/\/aldeesinfantils.org\/ca\/la-nostra-tasca\/prevencio\/programa-caixa-proinfancia","title":{"rendered":"Programa Caixa Proinf\u00e0ncia"},"content":{"rendered":"\t\t<div data-elementor-type=\"wp-page\" data-elementor-id=\"11815\" class=\"elementor elementor-11815 elementor-9846\" data-elementor-post-type=\"page\">\n\t\t\t\t<div class=\"elementor-element elementor-element-6185d3d e-con-full elementor-hidden-mobile e-flex elementor-invisible e-con e-parent\" data-id=\"6185d3d\" data-element_type=\"container\" data-e-type=\"container\" data-settings=\"{&quot;background_background&quot;:&quot;classic&quot;,&quot;jet_parallax_layout_list&quot;:[],&quot;animation&quot;:&quot;slideInDown&quot;}\">\n\t\t\t\t<div class=\"elementor-element elementor-element-06d88f6 exad-sticky-section-no exad-glass-effect-no elementor-invisible elementor-widget elementor-widget-button\" data-id=\"06d88f6\" data-element_type=\"widget\" data-e-type=\"widget\" data-settings=\"{&quot;_animation&quot;:&quot;fadeIn&quot;,&quot;_animation_delay&quot;:700}\" data-widget_type=\"button.default\">\n\t\t\t\t<div class=\"elementor-widget-container\">\n\t\t\t\t\t\t\t\t\t<div class=\"elementor-button-wrapper\">\n\t\t\t\t\t<a class=\"elementor-button elementor-button-link elementor-size-sm\" href=\"https:\/\/fundacionlacaixa.org\/es\/pobreza-infantil\" target=\"_blank\">\n\t\t\t\t\t\t<span class=\"elementor-button-content-wrapper\">\n\t\t\t\t\t\t\t\t\t<span class=\"elementor-button-text\">VISITA CAIXAPROINF\u00c0NCIA<\/span>\n\t\t\t\t\t<\/span>\n\t\t\t\t\t<\/a>\n\t\t\t\t<\/div>\n\t\t\t\t\t\t\t\t<\/div>\n\t\t\t\t<\/div>\n\t\t\t\t<\/div>\n\t\t<div class=\"elementor-element elementor-element-27de17e e-con-full elementor-hidden-widescreen elementor-hidden-desktop elementor-hidden-tablet e-flex elementor-invisible e-con e-parent\" data-id=\"27de17e\" data-element_type=\"container\" data-e-type=\"container\" data-settings=\"{&quot;background_background&quot;:&quot;classic&quot;,&quot;jet_parallax_layout_list&quot;:[],&quot;animation&quot;:&quot;slideInDown&quot;}\">\n\t\t\t\t<div class=\"elementor-element elementor-element-94117a8 exad-sticky-section-no exad-glass-effect-no elementor-widget elementor-widget-image\" data-id=\"94117a8\" data-element_type=\"widget\" data-e-type=\"widget\" data-widget_type=\"image.default\">\n\t\t\t\t<div class=\"elementor-widget-container\">\n\t\t\t\t\t\t\t\t\t\t\t\t\t\t\t<img fetchpriority=\"high\" decoding=\"async\" width=\"800\" height=\"802\" src=\"https:\/\/aldeesinfantils.org\/wp-content\/uploads\/2023\/12\/nina_proinfancia_cara-1022x1024.jpg\" class=\"attachment-large size-large wp-image-11765\" alt=\"\" srcset=\"https:\/\/aldeesinfantils.org\/wp-content\/uploads\/2023\/12\/nina_proinfancia_cara-1022x1024.jpg 1022w, https:\/\/aldeesinfantils.org\/wp-content\/uploads\/2023\/12\/nina_proinfancia_cara-300x300.jpg 300w, https:\/\/aldeesinfantils.org\/wp-content\/uploads\/2023\/12\/nina_proinfancia_cara-150x150.jpg 150w, https:\/\/aldeesinfantils.org\/wp-content\/uploads\/2023\/12\/nina_proinfancia_cara-768x770.jpg 768w, https:\/\/aldeesinfantils.org\/wp-content\/uploads\/2023\/12\/nina_proinfancia_cara-1532x1536.jpg 1532w, https:\/\/aldeesinfantils.org\/wp-content\/uploads\/2023\/12\/nina_proinfancia_cara.jpg 1681w\" sizes=\"(max-width: 800px) 100vw, 800px\" \/>\t\t\t\t\t\t\t\t\t\t\t\t\t\t\t<\/div>\n\t\t\t\t<\/div>\n\t\t\t\t<div class=\"elementor-element elementor-element-9198a6b exad-sticky-section-no exad-glass-effect-no elementor-widget elementor-widget-image\" data-id=\"9198a6b\" data-element_type=\"widget\" data-e-type=\"widget\" data-widget_type=\"image.default\">\n\t\t\t\t<div class=\"elementor-widget-container\">\n\t\t\t\t\t\t\t\t\t\t\t\t\t\t\t<img decoding=\"async\" width=\"800\" height=\"258\" src=\"https:\/\/aldeesinfantils.org\/wp-content\/uploads\/2024\/09\/Logo_CaixaProinfancia_Cat_2021-removebg-preview-1.png\" class=\"attachment-large size-large wp-image-13175\" alt=\"\" srcset=\"https:\/\/aldeesinfantils.org\/wp-content\/uploads\/2024\/09\/Logo_CaixaProinfancia_Cat_2021-removebg-preview-1.png 842w, https:\/\/aldeesinfantils.org\/wp-content\/uploads\/2024\/09\/Logo_CaixaProinfancia_Cat_2021-removebg-preview-1-300x97.png 300w, https:\/\/aldeesinfantils.org\/wp-content\/uploads\/2024\/09\/Logo_CaixaProinfancia_Cat_2021-removebg-preview-1-768x248.png 768w\" sizes=\"(max-width: 800px) 100vw, 800px\" \/>\t\t\t\t\t\t\t\t\t\t\t\t\t\t\t<\/div>\n\t\t\t\t<\/div>\n\t\t\t\t<div class=\"elementor-element elementor-element-f8baada exad-sticky-section-no exad-glass-effect-no elementor-widget elementor-widget-image\" data-id=\"f8baada\" data-element_type=\"widget\" data-e-type=\"widget\" data-widget_type=\"image.default\">\n\t\t\t\t<div class=\"elementor-widget-container\">\n\t\t\t\t\t\t\t\t\t\t\t\t\t\t\t<img decoding=\"async\" width=\"800\" height=\"172\" src=\"https:\/\/aldeesinfantils.org\/wp-content\/uploads\/2024\/09\/FLC_H_Cat_Color_Pos-removebg-preview-1.png\" class=\"attachment-large size-large wp-image-13177\" alt=\"\" srcset=\"https:\/\/aldeesinfantils.org\/wp-content\/uploads\/2024\/09\/FLC_H_Cat_Color_Pos-removebg-preview-1.png 935w, https:\/\/aldeesinfantils.org\/wp-content\/uploads\/2024\/09\/FLC_H_Cat_Color_Pos-removebg-preview-1-300x64.png 300w, https:\/\/aldeesinfantils.org\/wp-content\/uploads\/2024\/09\/FLC_H_Cat_Color_Pos-removebg-preview-1-768x165.png 768w\" sizes=\"(max-width: 800px) 100vw, 800px\" \/>\t\t\t\t\t\t\t\t\t\t\t\t\t\t\t<\/div>\n\t\t\t\t<\/div>\n\t\t\t\t<div class=\"elementor-element elementor-element-62869a1 elementor-align-center exad-sticky-section-no exad-glass-effect-no elementor-invisible elementor-widget elementor-widget-button\" data-id=\"62869a1\" data-element_type=\"widget\" data-e-type=\"widget\" data-settings=\"{&quot;_animation&quot;:&quot;fadeIn&quot;,&quot;_animation_delay&quot;:700}\" data-widget_type=\"button.default\">\n\t\t\t\t<div class=\"elementor-widget-container\">\n\t\t\t\t\t\t\t\t\t<div class=\"elementor-button-wrapper\">\n\t\t\t\t\t<a class=\"elementor-button elementor-button-link elementor-size-sm\" href=\"https:\/\/fundacionlacaixa.org\/es\/pobreza-infantil\" target=\"_blank\">\n\t\t\t\t\t\t<span class=\"elementor-button-content-wrapper\">\n\t\t\t\t\t\t\t\t\t<span class=\"elementor-button-text\">VISITA CAIXAPROINF\u00c0NCIA<\/span>\n\t\t\t\t\t<\/span>\n\t\t\t\t\t<\/a>\n\t\t\t\t<\/div>\n\t\t\t\t\t\t\t\t<\/div>\n\t\t\t\t<\/div>\n\t\t\t\t<\/div>\n\t\t<div class=\"elementor-element elementor-element-162826f e-flex e-con-boxed e-con e-parent\" data-id=\"162826f\" data-element_type=\"container\" data-e-type=\"container\" data-settings=\"{&quot;jet_parallax_layout_list&quot;:[]}\">\n\t\t\t\t\t<div class=\"e-con-inner\">\n\t\t\t\t<div class=\"elementor-element elementor-element-2497b3d exad-sticky-section-no exad-glass-effect-no elementor-invisible elementor-widget elementor-widget-heading\" data-id=\"2497b3d\" data-element_type=\"widget\" data-e-type=\"widget\" data-settings=\"{&quot;_animation&quot;:&quot;slideInUp&quot;,&quot;_animation_delay&quot;:0,&quot;_animation_mobile&quot;:&quot;none&quot;}\" data-widget_type=\"heading.default\">\n\t\t\t\t<div class=\"elementor-widget-container\">\n\t\t\t\t\t<h2 class=\"elementor-heading-title elementor-size-default\">Qu\u00e8 \u00e9s el programa CaixaProinf\u00e0ncia?<\/h2>\t\t\t\t<\/div>\n\t\t\t\t<\/div>\n\t\t\t\t<div class=\"elementor-element elementor-element-c7f0f7e exad-sticky-section-no exad-glass-effect-no elementor-widget elementor-widget-text-editor\" data-id=\"c7f0f7e\" data-element_type=\"widget\" data-e-type=\"widget\" data-widget_type=\"text-editor.default\">\n\t\t\t\t<div class=\"elementor-widget-container\">\n\t\t\t\t\t\t\t\t\t<p>El Programa CaixaProinf\u00e0ncia \u00e9s una iniciativa impulsada per l&#8217;Obra Social \u201dla Caixa\u201d en el marc del seu comprom\u00eds social amb els drets humans, la pau, la just\u00edcia i la dignitat de les persones. Aldees Infantils SOS Catalunya realitza alguns dels seus programes de prevenci\u00f3 en centres oberts gr\u00e0cies a la col\u00b7laboraci\u00f3 amb aquesta iniciativa de l&#8217;Obra Social &#8220;la Caixa&#8221;.<\/p>\n<p>L&#8217;objectiu \u00e9s aprofitar totes les sinergies entre les iniciatives i els recursos per permetre que els infants, els adolescents i les seves fam\u00edlies es desenvolupin amb la m\u00e0xima autonomia i efectivitat. Aix\u00f2 obliga a un esfor\u00e7 sistem\u00e0tic i continu de coordinaci\u00f3 entre els diferents agents que treballen amb cada infant i la seva fam\u00edlia.<\/p>\n<p>Combatim el cercle de la pobresa heredit\u00e0ria garantint l&#8217;acc\u00e9s a oportunitats educatives de qualitat, afavorint el desenvolupament de compet\u00e8ncies per part dels infants, adolescents i les seves fam\u00edlies al seu entorn familiar, escolar i social.<\/p>\n\t\t\t\t\t\t\t\t<\/div>\n\t\t\t\t<\/div>\n\t\t\t\t\t<\/div>\n\t\t\t\t<\/div>\n\t\t<div class=\"elementor-element elementor-element-f7ed12e e-con-full e-flex e-con e-parent\" data-id=\"f7ed12e\" data-element_type=\"container\" data-e-type=\"container\" data-settings=\"{&quot;background_background&quot;:&quot;classic&quot;,&quot;jet_parallax_layout_list&quot;:[]}\">\n\t\t<div class=\"elementor-element elementor-element-72c3899 e-con-full e-flex elementor-invisible e-con e-child\" data-id=\"72c3899\" data-element_type=\"container\" data-e-type=\"container\" data-settings=\"{&quot;background_background&quot;:&quot;classic&quot;,&quot;jet_parallax_layout_list&quot;:[],&quot;animation&quot;:&quot;slideInLeft&quot;,&quot;animation_delay&quot;:0}\">\n\t\t\t\t<div class=\"elementor-element elementor-element-5f87ea9 elementor-view-default exad-sticky-section-no exad-glass-effect-no elementor-invisible elementor-widget elementor-widget-icon\" data-id=\"5f87ea9\" data-element_type=\"widget\" data-e-type=\"widget\" data-settings=\"{&quot;_animation&quot;:&quot;fadeIn&quot;,&quot;_animation_delay&quot;:300}\" data-widget_type=\"icon.default\">\n\t\t\t\t<div class=\"elementor-widget-container\">\n\t\t\t\t\t\t\t<div class=\"elementor-icon-wrapper\">\n\t\t\t<div class=\"elementor-icon\">\n\t\t\t<svg xmlns=\"http:\/\/www.w3.org\/2000\/svg\" clip-rule=\"evenodd\" fill-rule=\"evenodd\" height=\"512\" stroke-linejoin=\"round\" stroke-miterlimit=\"2\" viewBox=\"0 0 48 48\" width=\"512\"><g transform=\"translate(-240 -240)\"><g id=\"Icon\"><path d=\"m263.721 259.008c.093-.005.186-.008.279-.008 2.76 0 5 2.24 5 5s-2.24 5-5 5-5-2.24-5-5c0-.093.003-.186.008-.279.03-.551-.393-1.023-.944-1.053-.551-.031-1.023.392-1.053.943-.007.129-.011.259-.011.389 0 3.863 3.137 7 7 7s7-3.137 7-7-3.137-7-7-7c-.13 0-.26.004-.389.011-.551.03-.974.502-.943 1.053.03.551.502.974 1.053.944z\"><\/path><path d=\"m258.429 252.252c1.689-.803 3.578-1.252 5.571-1.252 7.175 0 13 5.825 13 13s-5.825 13-13 13-13-5.825-13-13c0-1.993.449-3.882 1.252-5.571.237-.498.025-1.095-.473-1.332-.499-.237-1.096-.025-1.333.474-.927 1.949-1.446 4.129-1.446 6.429 0 8.279 6.721 15 15 15s15-6.721 15-15-6.721-15-15-15c-2.3 0-4.48.519-6.429 1.446-.499.237-.711.834-.474 1.333.237.498.834.71 1.332.473z\"><\/path><path d=\"m256.356 244.437c2.368-.928 4.947-1.437 7.644-1.437 11.59 0 21 9.41 21 21s-9.41 21-21 21-21-9.41-21-21c0-2.697.509-5.276 1.437-7.644.201-.514-.053-1.095-.567-1.296s-1.094.052-1.295.566c-1.017 2.595-1.575 5.42-1.575 8.374 0 12.694 10.306 23 23 23s23-10.306 23-23-10.306-23-23-23c-2.954 0-5.779.558-8.374 1.575-.514.201-.767.781-.566 1.295s.782.768 1.296.567z\"><\/path><path d=\"m253.293 254.708 10 9.999c.39.39 1.024.39 1.414 0s.39-1.024 0-1.414l-9.999-10c.187-.391.292-.83.292-1.293v-4c0-.796-.316-1.559-.879-2.121 0 0-4-4-4-4-.858-.858-2.148-1.115-3.269-.651-1.121.465-1.852 1.559-1.852 2.772v1h-1c-1.213 0-2.307.731-2.772 1.852-.464 1.121-.207 2.411.651 3.269 0 0 4 4 4 4 .562.563 1.325.879 2.121.879h4c.463 0 .902-.105 1.293-.292zm-9.293-7.708h1.999c.266 0 .52-.105.708-.293.188-.187.293-.442.293-.707v-2c0-.404.244-.769.617-.924.374-.155.804-.069 1.09.217 0 0 4 4 4 4 .188.187.293.442.293.707v4c0 .552-.448 1-1 1h-4c-.265 0-.52-.105-.707-.293 0 0-4-4-4-4-.286-.286-.372-.716-.217-1.09.155-.373.52-.617.924-.617z\"><\/path><\/g><\/g><\/svg>\t\t\t<\/div>\n\t\t<\/div>\n\t\t\t\t\t\t<\/div>\n\t\t\t\t<\/div>\n\t\t\t\t<div class=\"elementor-element elementor-element-6ce2798 exad-sticky-section-no exad-glass-effect-no elementor-invisible elementor-widget elementor-widget-text-editor\" data-id=\"6ce2798\" data-element_type=\"widget\" data-e-type=\"widget\" data-settings=\"{&quot;_animation&quot;:&quot;fadeIn&quot;,&quot;_animation_delay&quot;:300}\" data-widget_type=\"text-editor.default\">\n\t\t\t\t<div class=\"elementor-widget-container\">\n\t\t\t\t\t\t\t\t\t<p>Aquest programa est\u00e0 dissenyat per a nens i adolescents de 0 a 18 anys que venen de fam\u00edlies en situacions de pobresa relativa o extrema. Aquestes fam\u00edlies poden estar actualment en proc\u00e9s de rebre atenci\u00f3 i\/o acompanyament social a causa de defici\u00e8ncies en les necessitats socials.<\/p>\n<p>El nostre objectiu \u00e9s treballar en estreta col\u00b7laboraci\u00f3 amb les fam\u00edlies, fomentant la participaci\u00f3 activa en el proc\u00e9s de millora. Per aix\u00f2, les integrem al pla d&#8217;acci\u00f3 social i aprofitem al m\u00e0xim totes les oportunitats disponibles.<\/p>\n\t\t\t\t\t\t\t\t<\/div>\n\t\t\t\t<\/div>\n\t\t\t\t<\/div>\n\t\t<div class=\"elementor-element elementor-element-14cad35 e-flex e-con-boxed elementor-invisible e-con e-child\" data-id=\"14cad35\" data-element_type=\"container\" data-e-type=\"container\" data-settings=\"{&quot;background_background&quot;:&quot;classic&quot;,&quot;jet_parallax_layout_list&quot;:[],&quot;animation&quot;:&quot;slideInLeft&quot;,&quot;animation_delay&quot;:100}\">\n\t\t\t\t\t<div class=\"e-con-inner\">\n\t\t\t\t\t<\/div>\n\t\t\t\t<\/div>\n\t\t\t\t<\/div>\n\t\t<div class=\"elementor-element elementor-element-bbce85d e-flex e-con-boxed e-con e-parent\" data-id=\"bbce85d\" data-element_type=\"container\" data-e-type=\"container\" data-settings=\"{&quot;jet_parallax_layout_list&quot;:[],&quot;background_background&quot;:&quot;classic&quot;}\">\n\t\t\t\t\t<div class=\"e-con-inner\">\n\t\t\t\t<div class=\"elementor-element elementor-element-bb1e257 exad-sticky-section-no exad-glass-effect-no elementor-widget elementor-widget-heading\" data-id=\"bb1e257\" data-element_type=\"widget\" data-e-type=\"widget\" data-settings=\"{&quot;_animation&quot;:&quot;none&quot;,&quot;_animation_delay&quot;:0}\" data-widget_type=\"heading.default\">\n\t\t\t\t<div class=\"elementor-widget-container\">\n\t\t\t\t\t<h2 class=\"elementor-heading-title elementor-size-default\">Quins serveis s'ofereixen des de l'entitat? On es duen a terme?<\/h2>\t\t\t\t<\/div>\n\t\t\t\t<\/div>\n\t\t\t\t<div class=\"elementor-element elementor-element-06e70a0 exad-sticky-section-no exad-glass-effect-no elementor-widget elementor-widget-text-editor\" data-id=\"06e70a0\" data-element_type=\"widget\" data-e-type=\"widget\" data-widget_type=\"text-editor.default\">\n\t\t\t\t<div class=\"elementor-widget-container\">\n\t\t\t\t\t\t\t\t\t<p>Des d&#8217;Aldees Infantils SOS Catalunya col\u00b7laborem amb centres oberts per atendre els infants i els adolescents en situaci\u00f3 d&#8217;exclusi\u00f3 social i les seves fam\u00edlies als municipis de Sant Adri\u00e0 de Bes\u00f2s (barri de Sant Roc), Badalona i Badia del Vall\u00e8s, tots ells territoris amb un elevat \u00edndex de pobresa infantil.<\/p>\n<p>En aquests centres hem proporcionat atenci\u00f3 personalitzada a 70 nens i nenes de Sant Adri\u00e0 de Bes\u00f2s, Badalona i Badia del Vall\u00e8s consistents en serveis d&#8217;aula d&#8217;estudi, refor\u00e7 escolar, tutories individualitzades, tallers i cursos familiars, campaments d&#8217;estiu urbans i espai familiar.<\/p>\n<p>Col\u00b7laborant amb la iniciativa CaixaProinf\u00e0ncia, hem ajudat a millorar la qualitat de vida dels infants, els adolescents i les seves fam\u00edlies treballant contra la vulnerabilitat social, l&#8217;exclusi\u00f3 i la pobresa. Posem tot el nostre esfor\u00e7 per fer que cap infant creixi sol i lluitem per erradicar l&#8217;estigma de la pobresa acompanyant les fam\u00edlies en el repte de la crian\u00e7a dels seus fills, de manera que sempre es respectin els Drets dels Infants i se&#8217;n dignifiqui la inf\u00e0ncia.<\/p>\n\t\t\t\t\t\t\t\t<\/div>\n\t\t\t\t<\/div>\n\t\t\t\t\t<\/div>\n\t\t\t\t<\/div>\n\t\t<div class=\"elementor-element elementor-element-091b82b e-con-full elementor-hidden-mobile e-flex e-con e-parent\" data-id=\"091b82b\" data-element_type=\"container\" data-e-type=\"container\" data-settings=\"{&quot;background_background&quot;:&quot;classic&quot;,&quot;jet_parallax_layout_list&quot;:[],&quot;animation&quot;:&quot;none&quot;}\">\n\t\t<div class=\"elementor-element elementor-element-5b55de8 e-con-full e-flex e-con e-child\" data-id=\"5b55de8\" data-element_type=\"container\" data-e-type=\"container\" data-settings=\"{&quot;jet_parallax_layout_list&quot;:[],&quot;animation&quot;:&quot;none&quot;,&quot;animation_delay&quot;:0}\">\n\t\t\t\t<div class=\"elementor-element elementor-element-c9bb553 elementor-widget__width-initial exad-sticky-section-no exad-glass-effect-no elementor-widget elementor-widget-heading\" data-id=\"c9bb553\" data-element_type=\"widget\" data-e-type=\"widget\" data-settings=\"{&quot;_animation&quot;:&quot;none&quot;,&quot;_animation_delay&quot;:0}\" data-widget_type=\"heading.default\">\n\t\t\t\t<div class=\"elementor-widget-container\">\n\t\t\t\t\t<h2 class=\"elementor-heading-title elementor-size-default\">Treballem perqu\u00e8 els infants segueixin sent infants<\/h2>\t\t\t\t<\/div>\n\t\t\t\t<\/div>\n\t\t\t\t<div class=\"elementor-element elementor-element-4d8b466 elementor-align-center elementor-widget__width-initial exad-sticky-section-no exad-glass-effect-no elementor-widget elementor-widget-button\" data-id=\"4d8b466\" data-element_type=\"widget\" data-e-type=\"widget\" data-widget_type=\"button.default\">\n\t\t\t\t<div class=\"elementor-widget-container\">\n\t\t\t\t\t\t\t\t\t<div class=\"elementor-button-wrapper\">\n\t\t\t\t\t<a class=\"elementor-button elementor-button-link elementor-size-sm\" href=\"https:\/\/fundacionlacaixa.org\/es\/pobreza-infantil\" target=\"_blank\">\n\t\t\t\t\t\t<span class=\"elementor-button-content-wrapper\">\n\t\t\t\t\t\t\t\t\t<span class=\"elementor-button-text\">VULL AJUDAR<\/span>\n\t\t\t\t\t<\/span>\n\t\t\t\t\t<\/a>\n\t\t\t\t<\/div>\n\t\t\t\t\t\t\t\t<\/div>\n\t\t\t\t<\/div>\n\t\t\t\t<\/div>\n\t\t\t\t<\/div>\n\t\t<div class=\"elementor-element elementor-element-399ff87 elementor-hidden-widescreen elementor-hidden-desktop elementor-hidden-tablet e-flex e-con-boxed e-con e-parent\" data-id=\"399ff87\" data-element_type=\"container\" data-e-type=\"container\" data-settings=\"{&quot;jet_parallax_layout_list&quot;:[],&quot;background_background&quot;:&quot;classic&quot;}\">\n\t\t\t\t\t<div class=\"e-con-inner\">\n\t\t\t\t<div class=\"elementor-element elementor-element-138faa8 elementor-widget__width-initial exad-sticky-section-no exad-glass-effect-no elementor-widget elementor-widget-heading\" data-id=\"138faa8\" data-element_type=\"widget\" data-e-type=\"widget\" data-settings=\"{&quot;_animation&quot;:&quot;none&quot;,&quot;_animation_delay&quot;:0,&quot;_animation_mobile&quot;:&quot;none&quot;}\" data-widget_type=\"heading.default\">\n\t\t\t\t<div class=\"elementor-widget-container\">\n\t\t\t\t\t<h2 class=\"elementor-heading-title elementor-size-default\">Treballem perqu\u00e8 els nens segueixin<br> sent nens<\/h2>\t\t\t\t<\/div>\n\t\t\t\t<\/div>\n\t\t\t\t<div class=\"elementor-element elementor-element-6d81a3b elementor-align-center elementor-widget__width-initial elementor-mobile-align-center exad-sticky-section-no exad-glass-effect-no elementor-widget elementor-widget-button\" data-id=\"6d81a3b\" data-element_type=\"widget\" data-e-type=\"widget\" data-widget_type=\"button.default\">\n\t\t\t\t<div class=\"elementor-widget-container\">\n\t\t\t\t\t\t\t\t\t<div class=\"elementor-button-wrapper\">\n\t\t\t\t\t<a class=\"elementor-button elementor-button-link elementor-size-sm\" href=\"https:\/\/fundacionlacaixa.org\/es\/pobreza-infantil\" target=\"_blank\">\n\t\t\t\t\t\t<span class=\"elementor-button-content-wrapper\">\n\t\t\t\t\t\t\t\t\t<span class=\"elementor-button-text\">VULL AJUDAR<\/span>\n\t\t\t\t\t<\/span>\n\t\t\t\t\t<\/a>\n\t\t\t\t<\/div>\n\t\t\t\t\t\t\t\t<\/div>\n\t\t\t\t<\/div>\n\t\t\t\t\t<\/div>\n\t\t\t\t<\/div>\n\t\t\t\t<\/div>\n\t\t","protected":false},"excerpt":{"rendered":"<p>VISITA CAIXAPROINF\u00c0NCIA VISITA CAIXAPROINF\u00c0NCIA Qu\u00e8 \u00e9s el programa CaixaProinf\u00e0ncia? El Programa CaixaProinf\u00e0ncia \u00e9s una iniciativa impulsada per l&#8217;Obra Social \u201dla Caixa\u201d en el marc del seu comprom\u00eds social amb els drets humans, la pau, la just\u00edcia i la dignitat de les persones. Aldees Infantils SOS Catalunya realitza alguns dels seus programes de prevenci\u00f3 en centres [&hellip;]<\/p>\n","protected":false},"author":1,"featured_media":0,"parent":11858,"menu_order":0,"comment_status":"closed","ping_status":"closed","template":"elementor_header_footer","meta":{"footnotes":""},"class_list":["post-11815","page","type-page","status-publish","hentry"],"_links":{"self":[{"href":"https:\/\/aldeesinfantils.org\/ca\/wp-json\/wp\/v2\/pages\/11815","targetHints":{"allow":["GET"]}}],"collection":[{"href":"https:\/\/aldeesinfantils.org\/ca\/wp-json\/wp\/v2\/pages"}],"about":[{"href":"https:\/\/aldeesinfantils.org\/ca\/wp-json\/wp\/v2\/types\/page"}],"author":[{"embeddable":true,"href":"https:\/\/aldeesinfantils.org\/ca\/wp-json\/wp\/v2\/users\/1"}],"replies":[{"embeddable":true,"href":"https:\/\/aldeesinfantils.org\/ca\/wp-json\/wp\/v2\/comments?post=11815"}],"version-history":[{"count":0,"href":"https:\/\/aldeesinfantils.org\/ca\/wp-json\/wp\/v2\/pages\/11815\/revisions"}],"up":[{"embeddable":true,"href":"https:\/\/aldeesinfantils.org\/ca\/wp-json\/wp\/v2\/pages\/11858"}],"wp:attachment":[{"href":"https:\/\/aldeesinfantils.org\/ca\/wp-json\/wp\/v2\/media?parent=11815"}],"curies":[{"name":"wp","href":"https:\/\/api.w.org\/{rel}","templated":true}]}}