{"id":11816,"date":"2023-12-25T10:05:10","date_gmt":"2023-12-25T10:05:10","guid":{"rendered":"https:\/\/aldeesinfantils.org\/collabora\/fes-te-soci"},"modified":"2024-01-10T12:58:26","modified_gmt":"2024-01-10T12:58:26","slug":"fes-te-soci","status":"publish","type":"page","link":"https:\/\/aldeesinfantils.org\/ca\/collabora\/fes-te-soci","title":{"rendered":"Fes-te&#8217;n soci"},"content":{"rendered":"\t\t<div data-elementor-type=\"wp-page\" data-elementor-id=\"11816\" class=\"elementor elementor-11816 elementor-9133\" data-elementor-post-type=\"page\">\n\t\t\t\t<div class=\"elementor-element elementor-element-fdf6fde e-con-full e-flex elementor-invisible e-con e-parent\" data-id=\"fdf6fde\" data-element_type=\"container\" data-e-type=\"container\" data-settings=\"{&quot;background_background&quot;:&quot;classic&quot;,&quot;jet_parallax_layout_list&quot;:[],&quot;animation&quot;:&quot;slideInDown&quot;}\">\n\t\t<div class=\"elementor-element elementor-element-e6cac7c e-con-full e-flex elementor-invisible e-con e-child\" data-id=\"e6cac7c\" data-element_type=\"container\" data-e-type=\"container\" data-settings=\"{&quot;jet_parallax_layout_list&quot;:[],&quot;animation&quot;:&quot;slideInLeft&quot;,&quot;animation_delay&quot;:600}\">\n\t\t\t\t<div class=\"elementor-element elementor-element-190a200 elementor-widget__width-initial exad-sticky-section-no exad-glass-effect-no elementor-widget elementor-widget-heading\" data-id=\"190a200\" data-element_type=\"widget\" data-e-type=\"widget\" data-settings=\"{&quot;_animation&quot;:&quot;none&quot;,&quot;_animation_delay&quot;:0}\" data-widget_type=\"heading.default\">\n\t\t\t\t<div class=\"elementor-widget-container\">\n\t\t\t\t\t<h2 class=\"elementor-heading-title elementor-size-default\">Fes-te'n soci!<\/h2>\t\t\t\t<\/div>\n\t\t\t\t<\/div>\n\t\t\t\t<div class=\"elementor-element elementor-element-dfb71cb elementor-widget__width-initial elementor-hidden-mobile exad-sticky-section-no exad-glass-effect-no elementor-widget elementor-widget-heading\" data-id=\"dfb71cb\" data-element_type=\"widget\" data-e-type=\"widget\" data-settings=\"{&quot;_animation&quot;:&quot;none&quot;,&quot;_animation_delay&quot;:0}\" data-widget_type=\"heading.default\">\n\t\t\t\t<div class=\"elementor-widget-container\">\n\t\t\t\t\t<h2 class=\"elementor-heading-title elementor-size-default\">Porta la teva ajuda al seg\u00fcent nivell de comprom\u00eds amb la inf\u00e0ncia i la joventut<\/h2>\t\t\t\t<\/div>\n\t\t\t\t<\/div>\n\t\t\t\t<\/div>\n\t\t\t\t<\/div>\n\t\t<div class=\"elementor-element elementor-element-05ea8ad elementor-hidden-widescreen elementor-hidden-desktop elementor-hidden-tablet e-flex e-con-boxed e-con e-parent\" data-id=\"05ea8ad\" data-element_type=\"container\" data-e-type=\"container\" data-settings=\"{&quot;background_background&quot;:&quot;classic&quot;,&quot;jet_parallax_layout_list&quot;:[]}\">\n\t\t\t\t\t<div class=\"e-con-inner\">\n\t\t\t\t<div class=\"elementor-element elementor-element-57f1c54 elementor-widget__width-initial exad-sticky-section-no exad-glass-effect-no elementor-widget elementor-widget-heading\" data-id=\"57f1c54\" data-element_type=\"widget\" data-e-type=\"widget\" data-settings=\"{&quot;_animation&quot;:&quot;none&quot;,&quot;_animation_delay&quot;:0}\" data-widget_type=\"heading.default\">\n\t\t\t\t<div class=\"elementor-widget-container\">\n\t\t\t\t\t<h2 class=\"elementor-heading-title elementor-size-default\">Porta la teva ajuda al seg\u00fcent nivell de comprom\u00eds amb la inf\u00e0ncia i la joventut<\/h2>\t\t\t\t<\/div>\n\t\t\t\t<\/div>\n\t\t\t\t\t<\/div>\n\t\t\t\t<\/div>\n\t\t<div class=\"elementor-element elementor-element-3a3cf40 e-flex e-con-boxed e-con e-parent\" data-id=\"3a3cf40\" data-element_type=\"container\" data-e-type=\"container\" data-settings=\"{&quot;jet_parallax_layout_list&quot;:[]}\">\n\t\t\t\t\t<div class=\"e-con-inner\">\n\t\t\t\t<div class=\"elementor-element elementor-element-dab752e exad-sticky-section-no exad-glass-effect-no elementor-invisible elementor-widget elementor-widget-heading\" data-id=\"dab752e\" data-element_type=\"widget\" data-e-type=\"widget\" data-settings=\"{&quot;_animation&quot;:&quot;slideInUp&quot;,&quot;_animation_delay&quot;:0,&quot;_animation_mobile&quot;:&quot;none&quot;}\" data-widget_type=\"heading.default\">\n\t\t\t\t<div class=\"elementor-widget-container\">\n\t\t\t\t\t<h2 class=\"elementor-heading-title elementor-size-default\">Qu\u00e8 significa ser soci d'Aldees Infantils SOS Catalunya<\/h2>\t\t\t\t<\/div>\n\t\t\t\t<\/div>\n\t\t\t\t<div class=\"elementor-element elementor-element-79b4c93 exad-sticky-section-no exad-glass-effect-no elementor-widget elementor-widget-text-editor\" data-id=\"79b4c93\" data-element_type=\"widget\" data-e-type=\"widget\" data-widget_type=\"text-editor.default\">\n\t\t\t\t<div class=\"elementor-widget-container\">\n\t\t\t\t\t\t\t\t\t<p>Ser soci vol dir que el teu comprom\u00eds amb la inf\u00e0ncia i la joventut va m\u00e9s enll\u00e0 d&#8217;una contribuci\u00f3 puntual, amb el teu esfor\u00e7 ajudes a donar estabilitat al nostre projecte.<\/p>\n<p>Com a soci col\u00b7labores amb els programes que desenvolupa l&#8217;organitzaci\u00f3 i els teus diners es destinen a qualsevol acci\u00f3 que requereixi ajuda en cada moment, incloent-hi el manteniment de l&#8217;Aldea, els pisos i els programes d&#8217;assist\u00e8ncia.<\/p>\n\t\t\t\t\t\t\t\t<\/div>\n\t\t\t\t<\/div>\n\t\t\t\t\t<\/div>\n\t\t\t\t<\/div>\n\t\t<div class=\"elementor-element elementor-element-7dad9c8 elementor-hidden-mobile e-flex e-con-boxed e-con e-parent\" data-id=\"7dad9c8\" data-element_type=\"container\" data-e-type=\"container\" data-settings=\"{&quot;jet_parallax_layout_list&quot;:[],&quot;animation&quot;:&quot;none&quot;,&quot;animation_delay&quot;:0}\">\n\t\t\t\t\t<div class=\"e-con-inner\">\n\t\t<div class=\"elementor-element elementor-element-754c08c e-flex e-con-boxed e-con e-child\" data-id=\"754c08c\" data-element_type=\"container\" data-e-type=\"container\" data-settings=\"{&quot;jet_parallax_layout_list&quot;:[]}\">\n\t\t\t\t\t<div class=\"e-con-inner\">\n\t\t\t\t<div class=\"elementor-element elementor-element-31b3087 elementor-widget__width-initial exad-sticky-section-no exad-glass-effect-no elementor-widget elementor-widget-text-editor\" data-id=\"31b3087\" data-element_type=\"widget\" data-e-type=\"widget\" data-widget_type=\"text-editor.default\">\n\t\t\t\t<div class=\"elementor-widget-container\">\n\t\t\t\t\t\t\t\t\t<p>Si ets una empresa, visita la nostra p\u00e0gina de &#8220;Empreses compromeses&#8221; per veure les opcions disponibles<\/p>\n\t\t\t\t\t\t\t\t<\/div>\n\t\t\t\t<\/div>\n\t\t\t\t<div class=\"elementor-element elementor-element-4e276ac elementor-align-right elementor-widget__width-inherit exad-sticky-section-no exad-glass-effect-no elementor-widget elementor-widget-button\" data-id=\"4e276ac\" data-element_type=\"widget\" data-e-type=\"widget\" data-widget_type=\"button.default\">\n\t\t\t\t<div class=\"elementor-widget-container\">\n\t\t\t\t\t\t\t\t\t<div class=\"elementor-button-wrapper\">\n\t\t\t\t\t<a class=\"elementor-button elementor-button-link elementor-size-sm\" href=\"https:\/\/aldeesinfantils.org\/ca?page_id=11788\">\n\t\t\t\t\t\t<span class=\"elementor-button-content-wrapper\">\n\t\t\t\t\t\t\t\t\t<span class=\"elementor-button-text\">Empreses compromeses<\/span>\n\t\t\t\t\t<\/span>\n\t\t\t\t\t<\/a>\n\t\t\t\t<\/div>\n\t\t\t\t\t\t\t\t<\/div>\n\t\t\t\t<\/div>\n\t\t\t\t\t<\/div>\n\t\t\t\t<\/div>\n\t\t<div class=\"elementor-element elementor-element-8326d10 e-con-full e-flex e-con e-child\" data-id=\"8326d10\" data-element_type=\"container\" data-e-type=\"container\" data-settings=\"{&quot;jet_parallax_layout_list&quot;:[]}\">\n\t\t\t\t<div class=\"elementor-element elementor-element-a05b38d exad-sticky-section-no exad-glass-effect-no elementor-widget elementor-widget-jet-progress-bar\" data-id=\"a05b38d\" data-element_type=\"widget\" data-e-type=\"widget\" data-settings=\"{&quot;_animation&quot;:&quot;none&quot;,&quot;_animation_delay&quot;:0}\" data-widget_type=\"jet-progress-bar.default\">\n\t\t\t\t<div class=\"elementor-widget-container\">\n\t\t\t\t\t<div class=\"elementor-jet-progress-bar jet-elements\"><div class=\"jet-progress-bar jet-progress-bar-type-2\" data-percent=\"100\" data-type=\"type-2\">\n\t<div class=\"jet-progress-bar__inner\">\n\t<div class=\"jet-progress-bar__percent\"><span class=\"jet-progress-bar__percent-value\">0<\/span><span class=\"jet-progress-bar__percent-suffix\">&#37;<\/span><\/div>\n\t<div class=\"jet-progress-bar__wrapper\">\n\t\t<div class=\"jet-progress-bar__status-bar\"><\/div>\n\t<\/div>\n\t<div class=\"jet-progress-bar__title\"><\/div>\n<\/div><\/div>\n\n<\/div>\t\t\t\t<\/div>\n\t\t\t\t<\/div>\n\t\t\t\t<\/div>\n\t\t\t\t\t<\/div>\n\t\t\t\t<\/div>\n\t\t<div class=\"elementor-element elementor-element-27c6a3e e-flex e-con-boxed e-con e-parent\" data-id=\"27c6a3e\" data-element_type=\"container\" data-e-type=\"container\" data-settings=\"{&quot;jet_parallax_layout_list&quot;:[]}\">\n\t\t\t\t\t<div class=\"e-con-inner\">\n\t\t\t\t<div class=\"elementor-element elementor-element-2f38410 exad-sticky-section-no exad-glass-effect-no elementor-invisible elementor-widget elementor-widget-heading\" data-id=\"2f38410\" data-element_type=\"widget\" data-e-type=\"widget\" data-settings=\"{&quot;_animation&quot;:&quot;fadeIn&quot;}\" data-widget_type=\"heading.default\">\n\t\t\t\t<div class=\"elementor-widget-container\">\n\t\t\t\t\t<h2 class=\"elementor-heading-title elementor-size-default\">Vols donar-te d'alta com a soci?<\/h2>\t\t\t\t<\/div>\n\t\t\t\t<\/div>\n\t\t\t\t<div class=\"elementor-element elementor-element-20d5de5 exad-sticky-section-no exad-glass-effect-no elementor-widget elementor-widget-text-editor\" data-id=\"20d5de5\" data-element_type=\"widget\" data-e-type=\"widget\" data-widget_type=\"text-editor.default\">\n\t\t\t\t<div class=\"elementor-widget-container\">\n\t\t\t\t\t\t\t\t\t<p>Omple el seg\u00fcent formulari i ens posarem en contacte amb tu per gestionar la teva alta.<\/p>\n\t\t\t\t\t\t\t\t<\/div>\n\t\t\t\t<\/div>\n\t\t\t\t<div class=\"elementor-element elementor-element-15ae943 exad-sticky-section-no exad-glass-effect-no elementor-widget elementor-widget-heading\" data-id=\"15ae943\" data-element_type=\"widget\" data-e-type=\"widget\" data-settings=\"{&quot;_animation&quot;:&quot;none&quot;}\" data-widget_type=\"heading.default\">\n\t\t\t\t<div class=\"elementor-widget-container\">\n\t\t\t\t\t<h2 class=\"elementor-heading-title elementor-size-default\">Inscriu-te al nostre programa de socis<\/h2>\t\t\t\t<\/div>\n\t\t\t\t<\/div>\n\t\t\t\t<div class=\"elementor-element elementor-element-b42ac10 elementor-button-align-end exad-sticky-section-no exad-glass-effect-no elementor-widget elementor-widget-form\" data-id=\"b42ac10\" data-element_type=\"widget\" data-e-type=\"widget\" data-settings=\"{&quot;step_next_label&quot;:&quot;SEG\\u00dcENT&quot;,&quot;step_previous_label&quot;:&quot;ANTERIOR&quot;,&quot;step_icon_shape&quot;:&quot;rounded&quot;,&quot;button_width&quot;:&quot;100&quot;,&quot;step_type&quot;:&quot;number_text&quot;}\" data-widget_type=\"form.default\">\n\t\t\t\t<div class=\"elementor-widget-container\">\n\t\t\t\t\t\t\t<form class=\"elementor-form\" method=\"post\" name=\"Nou formulari\" aria-label=\"Nou formulari\" novalidate=\"\">\n\t\t\t<input type=\"hidden\" name=\"post_id\" value=\"11816\"\/>\n\t\t\t<input type=\"hidden\" name=\"form_id\" value=\"b42ac10\"\/>\n\t\t\t<input type=\"hidden\" name=\"referer_title\" value=\"Fes-te&#8217;n soci\" \/>\n\n\t\t\t\t\t\t\t<input type=\"hidden\" name=\"queried_id\" value=\"11816\"\/>\n\t\t\t\n\t\t\t<div class=\"elementor-form-fields-wrapper elementor-labels-above\">\n\t\t\t\t\t\t\t\t<div class=\"elementor-field-type-radio elementor-field-group elementor-column elementor-field-group-name elementor-col-50 elementor-field-required\">\n\t\t\t\t\t\t\t\t\t\t\t\t<label for=\"form-field-name\" class=\"elementor-field-label\">\n\t\t\t\t\t\t\t\tAportaci\u00f3 mensual\t\t\t\t\t\t\t<\/label>\n\t\t\t\t\t\t<div class=\"elementor-field-subgroup  elementor-subgroup-inline\"><span class=\"elementor-field-option\"><input type=\"radio\" value=\"15 \u20ac\" id=\"form-field-name-0\" name=\"form_fields[name]\" required=\"required\"> <label for=\"form-field-name-0\">15 \u20ac<\/label><\/span><span class=\"elementor-field-option\"><input type=\"radio\" value=\"20 \u20ac\" id=\"form-field-name-1\" name=\"form_fields[name]\" required=\"required\"> <label for=\"form-field-name-1\">20 \u20ac<\/label><\/span><span class=\"elementor-field-option\"><input type=\"radio\" value=\"30 \u20ac\" id=\"form-field-name-2\" name=\"form_fields[name]\" required=\"required\"> <label for=\"form-field-name-2\">30 \u20ac<\/label><\/span><span class=\"elementor-field-option\"><input type=\"radio\" value=\"60 \u20ac\" id=\"form-field-name-3\" name=\"form_fields[name]\" required=\"required\"> <label for=\"form-field-name-3\">60 \u20ac<\/label><\/span><\/div>\t\t\t\t<\/div>\n\t\t\t\t\t\t\t\t<div class=\"elementor-field-type-radio elementor-field-group elementor-column elementor-field-group-field_b53b5b6 elementor-col-50 elementor-field-required\">\n\t\t\t\t\t\t\t\t\t\t\t\t<label for=\"form-field-field_b53b5b6\" class=\"elementor-field-label\">\n\t\t\t\t\t\t\t\tPeriodicitat\t\t\t\t\t\t\t<\/label>\n\t\t\t\t\t\t<div class=\"elementor-field-subgroup  elementor-subgroup-inline\"><span class=\"elementor-field-option\"><input type=\"radio\" value=\"Mensual\" id=\"form-field-field_b53b5b6-0\" name=\"form_fields[field_b53b5b6]\" required=\"required\"> <label for=\"form-field-field_b53b5b6-0\">Mensual<\/label><\/span><span class=\"elementor-field-option\"><input type=\"radio\" value=\"Trimestal\" id=\"form-field-field_b53b5b6-1\" name=\"form_fields[field_b53b5b6]\" required=\"required\"> <label for=\"form-field-field_b53b5b6-1\">Trimestal<\/label><\/span><span class=\"elementor-field-option\"><input type=\"radio\" value=\"Semestral\" id=\"form-field-field_b53b5b6-2\" name=\"form_fields[field_b53b5b6]\" required=\"required\"> <label for=\"form-field-field_b53b5b6-2\">Semestral<\/label><\/span><span class=\"elementor-field-option\"><input type=\"radio\" value=\"Anual\" id=\"form-field-field_b53b5b6-3\" name=\"form_fields[field_b53b5b6]\" required=\"required\"> <label for=\"form-field-field_b53b5b6-3\">Anual<\/label><\/span><\/div>\t\t\t\t<\/div>\n\t\t\t\t\t\t\t\t<div class=\"elementor-field-type-text elementor-field-group elementor-column elementor-field-group-field_810aa1d elementor-col-30 elementor-field-required\">\n\t\t\t\t\t\t\t\t\t\t\t\t<label for=\"form-field-field_810aa1d\" class=\"elementor-field-label\">\n\t\t\t\t\t\t\t\tNom\t\t\t\t\t\t\t<\/label>\n\t\t\t\t\t\t\t\t\t\t\t\t\t\t<input size=\"1\" type=\"text\" name=\"form_fields[field_810aa1d]\" id=\"form-field-field_810aa1d\" class=\"elementor-field elementor-size-sm  elementor-field-textual\" required=\"required\">\n\t\t\t\t\t\t\t\t\t\t\t<\/div>\n\t\t\t\t\t\t\t\t<div class=\"elementor-field-type-text elementor-field-group elementor-column elementor-field-group-field_d60dbdf elementor-col-70 elementor-field-required\">\n\t\t\t\t\t\t\t\t\t\t\t\t<label for=\"form-field-field_d60dbdf\" class=\"elementor-field-label\">\n\t\t\t\t\t\t\t\tCognoms\t\t\t\t\t\t\t<\/label>\n\t\t\t\t\t\t\t\t\t\t\t\t\t\t<input size=\"1\" type=\"text\" name=\"form_fields[field_d60dbdf]\" id=\"form-field-field_d60dbdf\" class=\"elementor-field elementor-size-sm  elementor-field-textual\" required=\"required\">\n\t\t\t\t\t\t\t\t\t\t\t<\/div>\n\t\t\t\t\t\t\t\t<div class=\"elementor-field-type-email elementor-field-group elementor-column elementor-field-group-field_e00ee85 elementor-col-100 elementor-field-required\">\n\t\t\t\t\t\t\t\t\t\t\t\t<label for=\"form-field-field_e00ee85\" class=\"elementor-field-label\">\n\t\t\t\t\t\t\t\tCorreu electr\u00f2nic\t\t\t\t\t\t\t<\/label>\n\t\t\t\t\t\t\t\t\t\t\t\t\t\t<input size=\"1\" type=\"email\" name=\"form_fields[field_e00ee85]\" id=\"form-field-field_e00ee85\" class=\"elementor-field elementor-size-sm  elementor-field-textual\" required=\"required\">\n\t\t\t\t\t\t\t\t\t\t\t<\/div>\n\t\t\t\t\t\t\t\t<div class=\"elementor-field-type-acceptance elementor-field-group elementor-column elementor-field-group-field_6160384 elementor-col-100\">\n\t\t\t\t\t\t\t\t\t\t\t\t<label for=\"form-field-field_6160384\" class=\"elementor-field-label\">\n\t\t\t\t\t\t\t\tCanal de not\u00edcies\t\t\t\t\t\t\t<\/label>\n\t\t\t\t\t\t\t\t<div class=\"elementor-field-subgroup\">\n\t\t\t<span class=\"elementor-field-option\">\n\t\t\t\t<input type=\"checkbox\" name=\"form_fields[field_6160384]\" id=\"form-field-field_6160384\" class=\"elementor-field elementor-size-sm  elementor-acceptance-field\">\n\t\t\t\t<label for=\"form-field-field_6160384\">Vull rebre comunicacions d'Aldees Infantils SOS Catalunya a la meva adre\u00e7a de correu facilitada en aquest formulari.<\/label>\t\t\t<\/span>\n\t\t<\/div>\n\t\t\t\t\t\t<\/div>\n\t\t\t\t\t\t\t\t<div class=\"elementor-field-type-acceptance elementor-field-group elementor-column elementor-field-group-field_9e59ce5 elementor-col-100 elementor-field-required\">\n\t\t\t\t\t\t\t\t\t\t\t\t<label for=\"form-field-field_9e59ce5\" class=\"elementor-field-label\">\n\t\t\t\t\t\t\t\tAutoritzaci\u00f3\t\t\t\t\t\t\t<\/label>\n\t\t\t\t\t\t\t\t<div class=\"elementor-field-subgroup\">\n\t\t\t<span class=\"elementor-field-option\">\n\t\t\t\t<input type=\"checkbox\" name=\"form_fields[field_9e59ce5]\" id=\"form-field-field_9e59ce5\" class=\"elementor-field elementor-size-sm  elementor-acceptance-field\" required=\"required\">\n\t\t\t\t<label for=\"form-field-field_9e59ce5\">Autoritzo que les meves dades siguin comunicades a Aldees Infantils SOS Catalunya amb la finalitat que em remetin comunicats informatius i\/o comercials sobre els productes i serveis d'Aldees Infantils SOS Catalunya per mitjans electr\u00f2nics de conformitat amb el que disposa la nostra <a href=\"https:\/\/aldeesinfantils.org\/ca\/politica-de-privadesa\" target=\"_blank\" rel=\"noopener\">Pol\u00edtica de Privadesa.<\/a><\/label>\t\t\t<\/span>\n\t\t<\/div>\n\t\t\t\t\t\t<\/div>\n\t\t\t\t\t\t\t\t<div class=\"elementor-field-type-text\">\n\t\t\t\t\t<input size=\"1\" type=\"text\" name=\"form_fields[field_fd5f6fa]\" id=\"form-field-field_fd5f6fa\" class=\"elementor-field elementor-size-sm \" style=\"display:none !important;\">\t\t\t\t<\/div>\n\t\t\t\t\t\t\t\t<div class=\"elementor-field-type-recaptcha_v3 elementor-field-group elementor-column elementor-field-group-field_25048e8 elementor-col-100 recaptcha_v3-bottomleft\">\n\t\t\t\t\t<div class=\"elementor-field\" id=\"form-field-field_25048e8\"><div class=\"elementor-g-recaptcha\" data-sitekey=\"6LerPLwUAAAAAKTXBasNZLZTT7-nXr0g_WASm944\" data-type=\"v3\" data-action=\"Form\" data-badge=\"bottomleft\" data-size=\"invisible\"><\/div><\/div>\t\t\t\t<\/div>\n\t\t\t\t\t\t\t\t<div class=\"elementor-field-group elementor-column elementor-field-type-submit elementor-col-100 e-form__buttons\">\n\t\t\t\t\t<button class=\"elementor-button elementor-size-sm\" type=\"submit\">\n\t\t\t\t\t\t<span class=\"elementor-button-content-wrapper\">\n\t\t\t\t\t\t\t\t\t\t\t\t\t\t\t<span class=\"elementor-button-icon\">\n\t\t\t\t\t\t\t\t\t<i aria-hidden=\"true\" class=\"far fa-envelope\"><\/i>\t\t\t\t\t\t\t\t\t\t\t\t\t\t\t\t\t<\/span>\n\t\t\t\t\t\t\t\t\t\t\t\t\t\t\t\t\t\t\t\t\t\t<span class=\"elementor-button-text\">ENVIAR<\/span>\n\t\t\t\t\t\t\t\t\t\t\t\t\t<\/span>\n\t\t\t\t\t<\/button>\n\t\t\t\t<\/div>\n\t\t\t<\/div>\n\t\t<\/form>\n\t\t\t\t\t\t<\/div>\n\t\t\t\t<\/div>\n\t\t\t\t\t<\/div>\n\t\t\t\t<\/div>\n\t\t<div class=\"elementor-element elementor-element-2704ab1 e-flex e-con-boxed e-con e-parent\" data-id=\"2704ab1\" data-element_type=\"container\" data-e-type=\"container\" data-settings=\"{&quot;jet_parallax_layout_list&quot;:[]}\">\n\t\t\t\t\t<div class=\"e-con-inner\">\n\t\t\t\t<div class=\"elementor-element elementor-element-6bd0a13 exad-sticky-section-no exad-glass-effect-no elementor-invisible elementor-widget elementor-widget-heading\" data-id=\"6bd0a13\" data-element_type=\"widget\" data-e-type=\"widget\" data-settings=\"{&quot;_animation&quot;:&quot;fadeIn&quot;}\" data-widget_type=\"heading.default\">\n\t\t\t\t<div class=\"elementor-widget-container\">\n\t\t\t\t\t<h2 class=\"elementor-heading-title elementor-size-default\">Saps que amb les teves aportacions a Aldees Infantils SOS Catalunya et pots deduir fins a un 80% a la teva declaraci\u00f3 de l'IRPF?<\/h2>\t\t\t\t<\/div>\n\t\t\t\t<\/div>\n\t\t\t\t<div class=\"elementor-element elementor-element-6843504 exad-sticky-section-no exad-glass-effect-no elementor-widget elementor-widget-text-editor\" data-id=\"6843504\" data-element_type=\"widget\" data-e-type=\"widget\" data-widget_type=\"text-editor.default\">\n\t\t\t\t<div class=\"elementor-widget-container\">\n\t\t\t\t\t\t\t\t\t<p><strong>La teva generositat i comprom\u00eds tenen recompensa a l&#8217;hora de fer la declaraci\u00f3 de la renda.<\/strong><\/p>\n\t\t\t\t\t\t\t\t<\/div>\n\t\t\t\t<\/div>\n\t\t\t\t<div class=\"elementor-element elementor-element-967beb2 elementor-hidden-mobile exad-sticky-section-no exad-glass-effect-no elementor-widget elementor-widget-exad-dual-button\" data-id=\"967beb2\" data-element_type=\"widget\" data-e-type=\"widget\" data-widget_type=\"exad-dual-button.default\">\n\t\t\t\t<div class=\"elementor-widget-container\">\n\t\t\t\t\t\r\n        <div class=\"exad-dual-button exad-dual-button-align-center\">\r\n            <div class=\"exad-dual-button-wrapper\">\r\n                <a class=\"exad-dual-button-primary exad-dual-button-action effect-5\" href=\"https:\/\/aldeesinfantils.org\/ca?page_id=11819\">\r\n                    <span class=\"\">\r\n                    <span>SOL\u00b7LICITAR CERTIFICAT DE DONACIONS<\/span>                    <\/span>\r\n\r\n                                    <\/a>\r\n                \r\n                <a class=\"exad-dual-button-secondary exad-dual-button-action effect-5\" href=\"https:\/\/aldeesinfantils.org\/ca?page_id=11819\">\r\n                    <span class=\"\">\r\n                    <span>VEURE DEDUCCIONS FISCALS                        <\/span>                    <\/span>\r\n                <\/a>\r\n            <\/div>\r\n        <\/div>\r\n        \t\t\t\t<\/div>\n\t\t\t\t<\/div>\n\t\t\t\t<div class=\"elementor-element elementor-element-9d12ae9 elementor-align-center elementor-hidden-widescreen elementor-hidden-desktop elementor-hidden-tablet exad-sticky-section-no exad-glass-effect-no elementor-widget elementor-widget-button\" data-id=\"9d12ae9\" data-element_type=\"widget\" data-e-type=\"widget\" data-widget_type=\"button.default\">\n\t\t\t\t<div class=\"elementor-widget-container\">\n\t\t\t\t\t\t\t\t\t<div class=\"elementor-button-wrapper\">\n\t\t\t\t\t<a class=\"elementor-button elementor-button-link elementor-size-sm\" href=\"https:\/\/aldeesinfantils.org\/ca?page_id=11814\" target=\"_blank\">\n\t\t\t\t\t\t<span class=\"elementor-button-content-wrapper\">\n\t\t\t\t\t\t\t\t\t<span class=\"elementor-button-text\">SOL\u00b7LICITAR CERTIFICAT DE DONACIONS<\/span>\n\t\t\t\t\t<\/span>\n\t\t\t\t\t<\/a>\n\t\t\t\t<\/div>\n\t\t\t\t\t\t\t\t<\/div>\n\t\t\t\t<\/div>\n\t\t\t\t<div class=\"elementor-element elementor-element-033cd70 elementor-align-center elementor-hidden-widescreen elementor-hidden-desktop elementor-hidden-tablet exad-sticky-section-no exad-glass-effect-no elementor-widget elementor-widget-button\" data-id=\"033cd70\" data-element_type=\"widget\" data-e-type=\"widget\" data-widget_type=\"button.default\">\n\t\t\t\t<div class=\"elementor-widget-container\">\n\t\t\t\t\t\t\t\t\t<div class=\"elementor-button-wrapper\">\n\t\t\t\t\t<a class=\"elementor-button elementor-button-link elementor-size-sm\" href=\"https:\/\/aldeesinfantils.org\/ca?page_id=11819\" target=\"_blank\">\n\t\t\t\t\t\t<span class=\"elementor-button-content-wrapper\">\n\t\t\t\t\t\t\t\t\t<span class=\"elementor-button-text\">VEURE DEDUCCIONS FISCALS<\/span>\n\t\t\t\t\t<\/span>\n\t\t\t\t\t<\/a>\n\t\t\t\t<\/div>\n\t\t\t\t\t\t\t\t<\/div>\n\t\t\t\t<\/div>\n\t\t\t\t\t<\/div>\n\t\t\t\t<\/div>\n\t\t\t\t<\/div>\n\t\t","protected":false},"excerpt":{"rendered":"<p>Fes-te&#8217;n soci! Porta la teva ajuda al seg\u00fcent nivell de comprom\u00eds amb la inf\u00e0ncia i la joventut Porta la teva ajuda al seg\u00fcent nivell de comprom\u00eds amb la inf\u00e0ncia i la joventut Qu\u00e8 significa ser soci d&#8217;Aldees Infantils SOS Catalunya Ser soci vol dir que el teu comprom\u00eds amb la inf\u00e0ncia i la joventut va [&hellip;]<\/p>\n","protected":false},"author":1,"featured_media":0,"parent":11782,"menu_order":2,"comment_status":"closed","ping_status":"closed","template":"elementor_header_footer","meta":{"footnotes":""},"class_list":["post-11816","page","type-page","status-publish","hentry"],"_links":{"self":[{"href":"https:\/\/aldeesinfantils.org\/ca\/wp-json\/wp\/v2\/pages\/11816","targetHints":{"allow":["GET"]}}],"collection":[{"href":"https:\/\/aldeesinfantils.org\/ca\/wp-json\/wp\/v2\/pages"}],"about":[{"href":"https:\/\/aldeesinfantils.org\/ca\/wp-json\/wp\/v2\/types\/page"}],"author":[{"embeddable":true,"href":"https:\/\/aldeesinfantils.org\/ca\/wp-json\/wp\/v2\/users\/1"}],"replies":[{"embeddable":true,"href":"https:\/\/aldeesinfantils.org\/ca\/wp-json\/wp\/v2\/comments?post=11816"}],"version-history":[{"count":0,"href":"https:\/\/aldeesinfantils.org\/ca\/wp-json\/wp\/v2\/pages\/11816\/revisions"}],"up":[{"embeddable":true,"href":"https:\/\/aldeesinfantils.org\/ca\/wp-json\/wp\/v2\/pages\/11782"}],"wp:attachment":[{"href":"https:\/\/aldeesinfantils.org\/ca\/wp-json\/wp\/v2\/media?parent=11816"}],"curies":[{"name":"wp","href":"https:\/\/api.w.org\/{rel}","templated":true}]}}