{"id":11828,"date":"2023-12-23T19:17:27","date_gmt":"2023-12-23T19:17:27","guid":{"rendered":"https:\/\/aldeesinfantils.org\/collabora\/fes-una-donacio"},"modified":"2024-01-10T13:13:24","modified_gmt":"2024-01-10T13:13:24","slug":"fes-una-donacio","status":"publish","type":"page","link":"https:\/\/aldeesinfantils.org\/ca\/collabora\/fes-una-donacio","title":{"rendered":"Fes una donaci\u00f3"},"content":{"rendered":"\t\t<div data-elementor-type=\"wp-page\" data-elementor-id=\"11828\" class=\"elementor elementor-11828 elementor-8911\" data-elementor-post-type=\"page\">\n\t\t\t\t<div class=\"elementor-element elementor-element-ac30146 e-con-full e-flex elementor-invisible e-con e-parent\" data-id=\"ac30146\" data-element_type=\"container\" data-e-type=\"container\" data-settings=\"{&quot;background_background&quot;:&quot;classic&quot;,&quot;jet_parallax_layout_list&quot;:[],&quot;animation&quot;:&quot;slideInDown&quot;}\">\n\t\t<div class=\"elementor-element elementor-element-0365661 e-con-full e-flex elementor-invisible e-con e-child\" data-id=\"0365661\" data-element_type=\"container\" data-e-type=\"container\" data-settings=\"{&quot;jet_parallax_layout_list&quot;:[],&quot;animation&quot;:&quot;slideInLeft&quot;,&quot;animation_delay&quot;:600}\">\n\t\t\t\t<div class=\"elementor-element elementor-element-e0e4c09 elementor-widget__width-initial exad-sticky-section-no exad-glass-effect-no elementor-widget elementor-widget-heading\" data-id=\"e0e4c09\" data-element_type=\"widget\" data-e-type=\"widget\" data-settings=\"{&quot;_animation&quot;:&quot;none&quot;,&quot;_animation_delay&quot;:0}\" data-widget_type=\"heading.default\">\n\t\t\t\t<div class=\"elementor-widget-container\">\n\t\t\t\t\t<h2 class=\"elementor-heading-title elementor-size-default\">Fes una donaci\u00f3!<\/h2>\t\t\t\t<\/div>\n\t\t\t\t<\/div>\n\t\t\t\t<div class=\"elementor-element elementor-element-0ab76d5 elementor-widget__width-initial elementor-hidden-mobile exad-sticky-section-no exad-glass-effect-no elementor-widget elementor-widget-heading\" data-id=\"0ab76d5\" data-element_type=\"widget\" data-e-type=\"widget\" data-settings=\"{&quot;_animation&quot;:&quot;none&quot;,&quot;_animation_delay&quot;:0}\" data-widget_type=\"heading.default\">\n\t\t\t\t<div class=\"elementor-widget-container\">\n\t\t\t\t\t<h2 class=\"elementor-heading-title elementor-size-default\">Col\u00b7labora amb nosaltres<\/h2>\t\t\t\t<\/div>\n\t\t\t\t<\/div>\n\t\t\t\t<\/div>\n\t\t\t\t<\/div>\n\t\t<div class=\"elementor-element elementor-element-a14ac79 elementor-hidden-widescreen elementor-hidden-desktop elementor-hidden-tablet e-flex e-con-boxed e-con e-parent\" data-id=\"a14ac79\" data-element_type=\"container\" data-e-type=\"container\" data-settings=\"{&quot;background_background&quot;:&quot;classic&quot;,&quot;jet_parallax_layout_list&quot;:[]}\">\n\t\t\t\t\t<div class=\"e-con-inner\">\n\t\t\t\t<div class=\"elementor-element elementor-element-62b2a80 elementor-widget__width-initial exad-sticky-section-no exad-glass-effect-no elementor-widget elementor-widget-heading\" data-id=\"62b2a80\" data-element_type=\"widget\" data-e-type=\"widget\" data-settings=\"{&quot;_animation&quot;:&quot;none&quot;,&quot;_animation_delay&quot;:0}\" data-widget_type=\"heading.default\">\n\t\t\t\t<div class=\"elementor-widget-container\">\n\t\t\t\t\t<h2 class=\"elementor-heading-title elementor-size-default\">Col\u00b7labora amb nosaltres<br>amb una donaci\u00f3<\/h2>\t\t\t\t<\/div>\n\t\t\t\t<\/div>\n\t\t\t\t\t<\/div>\n\t\t\t\t<\/div>\n\t\t<div class=\"elementor-element elementor-element-572610c e-flex e-con-boxed e-con e-parent\" data-id=\"572610c\" data-element_type=\"container\" data-e-type=\"container\" data-settings=\"{&quot;jet_parallax_layout_list&quot;:[],&quot;background_background&quot;:&quot;classic&quot;}\">\n\t\t\t\t\t<div class=\"e-con-inner\">\n\t\t<div class=\"elementor-element elementor-element-f8c5a29 e-flex e-con-boxed elementor-invisible e-con e-child\" data-id=\"f8c5a29\" data-element_type=\"container\" data-e-type=\"container\" data-settings=\"{&quot;background_background&quot;:&quot;classic&quot;,&quot;jet_parallax_layout_list&quot;:[],&quot;animation&quot;:&quot;slideInUp&quot;,&quot;animation_delay&quot;:0,&quot;animation_mobile&quot;:&quot;none&quot;}\">\n\t\t\t\t\t<div class=\"e-con-inner\">\n\t\t\t\t<div class=\"elementor-element elementor-element-4ecbb1c elementor-view-default exad-sticky-section-no exad-glass-effect-no elementor-widget elementor-widget-icon\" data-id=\"4ecbb1c\" data-element_type=\"widget\" data-e-type=\"widget\" data-widget_type=\"icon.default\">\n\t\t\t\t<div class=\"elementor-widget-container\">\n\t\t\t\t\t\t\t<div class=\"elementor-icon-wrapper\">\n\t\t\t<div class=\"elementor-icon\">\n\t\t\t<i aria-hidden=\"true\" class=\"remixicon ri-double-quotes-l\"><\/i>\t\t\t<\/div>\n\t\t<\/div>\n\t\t\t\t\t\t<\/div>\n\t\t\t\t<\/div>\n\t\t\t\t<div class=\"elementor-element elementor-element-e49c40a exad-sticky-section-no exad-glass-effect-no elementor-widget elementor-widget-text-editor\" data-id=\"e49c40a\" data-element_type=\"widget\" data-e-type=\"widget\" data-widget_type=\"text-editor.default\">\n\t\t\t\t<div class=\"elementor-widget-container\">\n\t\t\t\t\t\t\t\t\t<p>El teu donatiu ajuda a desenvolupar la nostra tasca social a favor de la inf\u00e0ncia i la joventut vulnerable perqu\u00e8 puguin cr\u00e9ixer en un ambient familiar sa i feli\u00e7<\/p>\n\t\t\t\t\t\t\t\t<\/div>\n\t\t\t\t<\/div>\n\t\t\t\t\t<\/div>\n\t\t\t\t<\/div>\n\t\t\t\t\t<\/div>\n\t\t\t\t<\/div>\n\t\t<div class=\"elementor-element elementor-element-5665000 elementor-hidden-mobile e-flex e-con-boxed e-con e-parent\" data-id=\"5665000\" data-element_type=\"container\" data-e-type=\"container\" data-settings=\"{&quot;jet_parallax_layout_list&quot;:[],&quot;animation&quot;:&quot;none&quot;,&quot;animation_delay&quot;:0}\">\n\t\t\t\t\t<div class=\"e-con-inner\">\n\t\t<div class=\"elementor-element elementor-element-ea2ff78 e-flex e-con-boxed e-con e-child\" data-id=\"ea2ff78\" data-element_type=\"container\" data-e-type=\"container\" data-settings=\"{&quot;jet_parallax_layout_list&quot;:[]}\">\n\t\t\t\t\t<div class=\"e-con-inner\">\n\t\t\t\t<div class=\"elementor-element elementor-element-5d3591c elementor-widget__width-initial exad-sticky-section-no exad-glass-effect-no elementor-widget elementor-widget-text-editor\" data-id=\"5d3591c\" data-element_type=\"widget\" data-e-type=\"widget\" data-widget_type=\"text-editor.default\">\n\t\t\t\t<div class=\"elementor-widget-container\">\n\t\t\t\t\t\t\t\t\t<p>Si ets una empresa, visita la nostra p\u00e0gina de &#8220;Empreses compromeses&#8221; per veure les opcions disponibles<\/p>\n\t\t\t\t\t\t\t\t<\/div>\n\t\t\t\t<\/div>\n\t\t\t\t<div class=\"elementor-element elementor-element-fde2d09 elementor-align-right elementor-widget__width-inherit exad-sticky-section-no exad-glass-effect-no elementor-widget elementor-widget-button\" data-id=\"fde2d09\" data-element_type=\"widget\" data-e-type=\"widget\" data-widget_type=\"button.default\">\n\t\t\t\t<div class=\"elementor-widget-container\">\n\t\t\t\t\t\t\t\t\t<div class=\"elementor-button-wrapper\">\n\t\t\t\t\t<a class=\"elementor-button elementor-button-link elementor-size-sm\" href=\"https:\/\/aldeesinfantils.org\/ca\/collabora\/empreses-compromeses\">\n\t\t\t\t\t\t<span class=\"elementor-button-content-wrapper\">\n\t\t\t\t\t\t\t\t\t<span class=\"elementor-button-text\">Empreses compromeses<\/span>\n\t\t\t\t\t<\/span>\n\t\t\t\t\t<\/a>\n\t\t\t\t<\/div>\n\t\t\t\t\t\t\t\t<\/div>\n\t\t\t\t<\/div>\n\t\t\t\t\t<\/div>\n\t\t\t\t<\/div>\n\t\t<div class=\"elementor-element elementor-element-d91c5ef e-con-full e-flex e-con e-child\" data-id=\"d91c5ef\" data-element_type=\"container\" data-e-type=\"container\" data-settings=\"{&quot;jet_parallax_layout_list&quot;:[]}\">\n\t\t\t\t<div class=\"elementor-element elementor-element-6a98be9 exad-sticky-section-no exad-glass-effect-no elementor-widget elementor-widget-jet-progress-bar\" data-id=\"6a98be9\" data-element_type=\"widget\" data-e-type=\"widget\" data-settings=\"{&quot;_animation&quot;:&quot;none&quot;,&quot;_animation_delay&quot;:0}\" data-widget_type=\"jet-progress-bar.default\">\n\t\t\t\t<div class=\"elementor-widget-container\">\n\t\t\t\t\t<div class=\"elementor-jet-progress-bar jet-elements\"><div class=\"jet-progress-bar jet-progress-bar-type-2\" data-percent=\"100\" data-type=\"type-2\">\n\t<div class=\"jet-progress-bar__inner\">\n\t<div class=\"jet-progress-bar__percent\"><span class=\"jet-progress-bar__percent-value\">0<\/span><span class=\"jet-progress-bar__percent-suffix\">&#37;<\/span><\/div>\n\t<div class=\"jet-progress-bar__wrapper\">\n\t\t<div class=\"jet-progress-bar__status-bar\"><\/div>\n\t<\/div>\n\t<div class=\"jet-progress-bar__title\"><\/div>\n<\/div><\/div>\n\n<\/div>\t\t\t\t<\/div>\n\t\t\t\t<\/div>\n\t\t\t\t<\/div>\n\t\t\t\t\t<\/div>\n\t\t\t\t<\/div>\n\t\t<div class=\"elementor-element elementor-element-016964c e-flex e-con-boxed e-con e-parent\" data-id=\"016964c\" data-element_type=\"container\" data-e-type=\"container\" data-settings=\"{&quot;jet_parallax_layout_list&quot;:[]}\">\n\t\t\t\t\t<div class=\"e-con-inner\">\n\t\t\t\t<div class=\"elementor-element elementor-element-ac1ec14 exad-sticky-section-no exad-glass-effect-no elementor-invisible elementor-widget elementor-widget-heading\" data-id=\"ac1ec14\" data-element_type=\"widget\" data-e-type=\"widget\" data-settings=\"{&quot;_animation&quot;:&quot;fadeIn&quot;}\" data-widget_type=\"heading.default\">\n\t\t\t\t<div class=\"elementor-widget-container\">\n\t\t\t\t\t<h2 class=\"elementor-heading-title elementor-size-default\">Com pots fer el teu donatiu<\/h2>\t\t\t\t<\/div>\n\t\t\t\t<\/div>\n\t\t\t\t\t<\/div>\n\t\t\t\t<\/div>\n\t\t<div class=\"elementor-element elementor-element-3455592 e-flex e-con-boxed e-con e-parent\" data-id=\"3455592\" data-element_type=\"container\" data-e-type=\"container\" data-settings=\"{&quot;jet_parallax_layout_list&quot;:[]}\">\n\t\t\t\t\t<div class=\"e-con-inner\">\n\t\t<div class=\"elementor-element elementor-element-0713d3a e-flex e-con-boxed e-con e-child\" data-id=\"0713d3a\" data-element_type=\"container\" data-e-type=\"container\" data-settings=\"{&quot;jet_parallax_layout_list&quot;:[]}\">\n\t\t\t\t\t<div class=\"e-con-inner\">\n\t\t\t\t<div class=\"elementor-element elementor-element-899b15a elementor-widget__width-initial exad-sticky-section-no exad-glass-effect-no elementor-invisible elementor-widget elementor-widget-image\" data-id=\"899b15a\" data-element_type=\"widget\" data-e-type=\"widget\" data-settings=\"{&quot;_animation&quot;:&quot;fadeIn&quot;,&quot;_animation_delay&quot;:400}\" data-widget_type=\"image.default\">\n\t\t\t\t<div class=\"elementor-widget-container\">\n\t\t\t\t\t\t\t\t\t\t\t\t\t\t\t<img fetchpriority=\"high\" decoding=\"async\" width=\"800\" height=\"309\" src=\"https:\/\/aldeesinfantils.org\/wp-content\/uploads\/2023\/12\/euro-dinero-boton-tecla-azul-signo-euro-teclado-computadora-banner-ilustracion-3d.jpg\" class=\"attachment-large size-large wp-image-11726\" alt=\"\" srcset=\"https:\/\/aldeesinfantils.org\/wp-content\/uploads\/2023\/12\/euro-dinero-boton-tecla-azul-signo-euro-teclado-computadora-banner-ilustracion-3d.jpg 1000w, https:\/\/aldeesinfantils.org\/wp-content\/uploads\/2023\/12\/euro-dinero-boton-tecla-azul-signo-euro-teclado-computadora-banner-ilustracion-3d-300x116.jpg 300w, https:\/\/aldeesinfantils.org\/wp-content\/uploads\/2023\/12\/euro-dinero-boton-tecla-azul-signo-euro-teclado-computadora-banner-ilustracion-3d-768x296.jpg 768w\" sizes=\"(max-width: 800px) 100vw, 800px\" \/>\t\t\t\t\t\t\t\t\t\t\t\t\t\t\t<\/div>\n\t\t\t\t<\/div>\n\t\t\t\t<div class=\"elementor-element elementor-element-1e286bb exad-sticky-section-no exad-glass-effect-no elementor-invisible elementor-widget elementor-widget-heading\" data-id=\"1e286bb\" data-element_type=\"widget\" data-e-type=\"widget\" data-settings=\"{&quot;_animation&quot;:&quot;slideInRight&quot;}\" data-widget_type=\"heading.default\">\n\t\t\t\t<div class=\"elementor-widget-container\">\n\t\t\t\t\t<h2 class=\"elementor-heading-title elementor-size-default\">Mitjan\u00e7ant transfer\u00e8ncia banc\u00e0ria<\/h2>\t\t\t\t<\/div>\n\t\t\t\t<\/div>\n\t\t\t\t\t<\/div>\n\t\t\t\t<\/div>\n\t\t\t\t<div class=\"elementor-element elementor-element-96e0b01 exad-sticky-section-no exad-glass-effect-no elementor-widget elementor-widget-text-editor\" data-id=\"96e0b01\" data-element_type=\"widget\" data-e-type=\"widget\" data-widget_type=\"text-editor.default\">\n\t\t\t\t<div class=\"elementor-widget-container\">\n\t\t\t\t\t\t\t\t\t<p>Al nostre n\u00famero de compte a Caixa Bank: <strong>ES05 2100 0765 8402 0020 5988<\/strong><\/p>\n\t\t\t\t\t\t\t\t<\/div>\n\t\t\t\t<\/div>\n\t\t\t\t\t<\/div>\n\t\t\t\t<\/div>\n\t\t<div class=\"elementor-element elementor-element-f039df1 e-flex e-con-boxed e-con e-parent\" data-id=\"f039df1\" data-element_type=\"container\" data-e-type=\"container\" data-settings=\"{&quot;jet_parallax_layout_list&quot;:[]}\">\n\t\t\t\t\t<div class=\"e-con-inner\">\n\t\t<div class=\"elementor-element elementor-element-32e0e90 e-flex e-con-boxed e-con e-child\" data-id=\"32e0e90\" data-element_type=\"container\" data-e-type=\"container\" data-settings=\"{&quot;jet_parallax_layout_list&quot;:[]}\">\n\t\t\t\t\t<div class=\"e-con-inner\">\n\t\t\t\t<div class=\"elementor-element elementor-element-c57d2e0 elementor-widget__width-initial exad-sticky-section-no exad-glass-effect-no elementor-invisible elementor-widget elementor-widget-image\" data-id=\"c57d2e0\" data-element_type=\"widget\" data-e-type=\"widget\" data-settings=\"{&quot;_animation&quot;:&quot;fadeIn&quot;,&quot;_animation_delay&quot;:400}\" data-widget_type=\"image.default\">\n\t\t\t\t<div class=\"elementor-widget-container\">\n\t\t\t\t\t\t\t\t\t\t\t\t\t\t\t<img decoding=\"async\" width=\"796\" height=\"261\" src=\"https:\/\/aldeesinfantils.org\/wp-content\/uploads\/2023\/12\/Bizum-logo.svg\" class=\"attachment-large size-large wp-image-11724\" alt=\"\" \/>\t\t\t\t\t\t\t\t\t\t\t\t\t\t\t<\/div>\n\t\t\t\t<\/div>\n\t\t\t\t<div class=\"elementor-element elementor-element-80e868e elementor-widget__width-inherit exad-sticky-section-no exad-glass-effect-no elementor-invisible elementor-widget elementor-widget-heading\" data-id=\"80e868e\" data-element_type=\"widget\" data-e-type=\"widget\" data-settings=\"{&quot;_animation&quot;:&quot;slideInRight&quot;}\" data-widget_type=\"heading.default\">\n\t\t\t\t<div class=\"elementor-widget-container\">\n\t\t\t\t\t<h2 class=\"elementor-heading-title elementor-size-default\">A trav\u00e9s de Bizum<\/h2>\t\t\t\t<\/div>\n\t\t\t\t<\/div>\n\t\t\t\t\t<\/div>\n\t\t\t\t<\/div>\n\t\t\t\t<div class=\"elementor-element elementor-element-1dd786b exad-sticky-section-no exad-glass-effect-no elementor-invisible elementor-widget elementor-widget-text-editor\" data-id=\"1dd786b\" data-element_type=\"widget\" data-e-type=\"widget\" data-settings=\"{&quot;_animation&quot;:&quot;fadeIn&quot;,&quot;_animation_delay&quot;:700}\" data-widget_type=\"text-editor.default\">\n\t\t\t\t<div class=\"elementor-widget-container\">\n\t\t\t\t\t\t\t\t\t<ol>\n<li>Entra a Bizum des de l&#8217;aplicaci\u00f3 del teu banc.<\/li>\n<li>Busca l&#8217;opci\u00f3 d&#8217;enviament de diners a una ONG (si no apareix aquesta opci\u00f3 \u00e9s probable que el teu banc encara no la tingui habilitada. En aquest cas, consulta el banc o fes la donaci\u00f3 per qualsevol de les altres vies que tenim disponibles)<\/li>\n<li>Al llistat d&#8217;ONGs selecciona <span style=\"color: #01a2f5;\"><strong>Fundaci\u00f3 Aldees Infantils SOS Catalunya<\/strong><\/span> o introdueix el nostre codi d&#8217;ONG <span style=\"color: #01a2f5;\"><strong>04243<\/strong><\/span> .<\/li>\n<li>Afegeix la quantitat que vulguis donar i finalitza el pagament.<\/li>\n<\/ol>\n\t\t\t\t\t\t\t\t<\/div>\n\t\t\t\t<\/div>\n\t\t\t\t\t<\/div>\n\t\t\t\t<\/div>\n\t\t<div class=\"elementor-element elementor-element-075de8b e-flex e-con-boxed e-con e-parent\" data-id=\"075de8b\" data-element_type=\"container\" data-e-type=\"container\" data-settings=\"{&quot;jet_parallax_layout_list&quot;:[]}\">\n\t\t\t\t\t<div class=\"e-con-inner\">\n\t\t<div class=\"elementor-element elementor-element-803cde0 e-flex e-con-boxed elementor-invisible e-con e-child\" data-id=\"803cde0\" data-element_type=\"container\" data-e-type=\"container\" data-settings=\"{&quot;jet_parallax_layout_list&quot;:[],&quot;background_background&quot;:&quot;classic&quot;,&quot;animation&quot;:&quot;fadeIn&quot;,&quot;animation_delay&quot;:0}\">\n\t\t\t\t\t<div class=\"e-con-inner\">\n\t\t\t\t<div class=\"elementor-element elementor-element-f97cdf1 elementor-widget__width-initial exad-sticky-section-no exad-glass-effect-no elementor-invisible elementor-widget elementor-widget-image\" data-id=\"f97cdf1\" data-element_type=\"widget\" data-e-type=\"widget\" data-settings=\"{&quot;_animation&quot;:&quot;fadeIn&quot;,&quot;_animation_delay&quot;:400}\" data-widget_type=\"image.default\">\n\t\t\t\t<div class=\"elementor-widget-container\">\n\t\t\t\t\t\t\t\t\t\t\t\t\t\t\t<img decoding=\"async\" width=\"318\" height=\"88\" src=\"https:\/\/aldeesinfantils.org\/wp-content\/uploads\/2023\/12\/Paypal-logo.svg\" class=\"attachment-large size-large wp-image-11725\" alt=\"\" \/>\t\t\t\t\t\t\t\t\t\t\t\t\t\t\t<\/div>\n\t\t\t\t<\/div>\n\t\t\t\t<div class=\"elementor-element elementor-element-e5652c2 exad-sticky-section-no exad-glass-effect-no elementor-invisible elementor-widget elementor-widget-heading\" data-id=\"e5652c2\" data-element_type=\"widget\" data-e-type=\"widget\" data-settings=\"{&quot;_animation&quot;:&quot;slideInRight&quot;,&quot;_animation_delay&quot;:0}\" data-widget_type=\"heading.default\">\n\t\t\t\t<div class=\"elementor-widget-container\">\n\t\t\t\t\t<h2 class=\"elementor-heading-title elementor-size-default\">A trav\u00e9s de PayPal i\/o targeta de cr\u00e8dit o d\u00e8bit<\/h2>\t\t\t\t<\/div>\n\t\t\t\t<\/div>\n\t\t\t\t\t<\/div>\n\t\t\t\t<\/div>\n\t\t\t\t<div class=\"elementor-element elementor-element-a8a17a9 exad-sticky-section-no exad-glass-effect-no elementor-invisible elementor-widget elementor-widget-text-editor\" data-id=\"a8a17a9\" data-element_type=\"widget\" data-e-type=\"widget\" data-settings=\"{&quot;_animation&quot;:&quot;fadeIn&quot;,&quot;_animation_delay&quot;:700}\" data-widget_type=\"text-editor.default\">\n\t\t\t\t<div class=\"elementor-widget-container\">\n\t\t\t\t\t\t\t\t\t<ol>\n<li>Feu clic al seg\u00fcent enlla\u00e7 per anar al nostre compte de PayPal.<\/li>\n<li>Trieu la quantitat que voleu donar i si voleu que el pagament sigui puntual o peri\u00f2dic.<\/li>\n<li>Procedeixi al pagament mitjan\u00e7ant la plataforma segura de PayPal (podr\u00e0 pagar mitjan\u00e7ant la targeta de cr\u00e8dit \/ d\u00e8bit o emprant el seu compte de PayPal si en disposa)<\/li>\n<\/ol>\n\t\t\t\t\t\t\t\t<\/div>\n\t\t\t\t<\/div>\n\t\t\t\t<div class=\"elementor-element elementor-element-d5c5fd4 exad-sticky-section-no exad-glass-effect-no elementor-invisible elementor-widget elementor-widget-html\" data-id=\"d5c5fd4\" data-element_type=\"widget\" data-e-type=\"widget\" data-settings=\"{&quot;_animation&quot;:&quot;fadeIn&quot;,&quot;_animation_delay&quot;:700}\" data-widget_type=\"html.default\">\n\t\t\t\t<div class=\"elementor-widget-container\">\n\t\t\t\t\t<form action=\"https:\/\/www.paypal.com\/donate\" method=\"post\" target=\"_blank\"><input name=\"hosted_button_id\" type=\"hidden\" value=\"LKSYGSZS2UXV2\"> <input title=\"PayPal\" alt=\"Bot\u00f3 Donar amb PayPal\" name=\"submit\" src=\"https:\/\/www.paypalobjects.com\/es_ES\/ES\/i\/btn\/btn_donateCC_LG.gif\" type=\"image\"> <img loading=\"lazy\" decoding=\"async\" src=\"https:\/\/www.paypal.com\/es_ES\/i\/scr\/pixel.gif\" alt=\"\" width=\"1\" height=\"1\" border=\"0\"><\/form>\t\t\t\t<\/div>\n\t\t\t\t<\/div>\n\t\t\t\t\t<\/div>\n\t\t\t\t<\/div>\n\t\t<div class=\"elementor-element elementor-element-484fb72 e-flex e-con-boxed e-con e-parent\" data-id=\"484fb72\" data-element_type=\"container\" data-e-type=\"container\" data-settings=\"{&quot;jet_parallax_layout_list&quot;:[]}\">\n\t\t\t\t\t<div class=\"e-con-inner\">\n\t\t\t\t<div class=\"elementor-element elementor-element-3b4c989 exad-sticky-section-no exad-glass-effect-no elementor-invisible elementor-widget elementor-widget-heading\" data-id=\"3b4c989\" data-element_type=\"widget\" data-e-type=\"widget\" data-settings=\"{&quot;_animation&quot;:&quot;fadeIn&quot;}\" data-widget_type=\"heading.default\">\n\t\t\t\t<div class=\"elementor-widget-container\">\n\t\t\t\t\t<h2 class=\"elementor-heading-title elementor-size-default\">Saps que amb les teves aportacions a Aldees Infantils SOS Catalunya et pots deduir fins a un 80% a la teva declaraci\u00f3 de l'IRPF?<\/h2>\t\t\t\t<\/div>\n\t\t\t\t<\/div>\n\t\t\t\t<div class=\"elementor-element elementor-element-ed3bf33 exad-sticky-section-no exad-glass-effect-no elementor-widget elementor-widget-text-editor\" data-id=\"ed3bf33\" data-element_type=\"widget\" data-e-type=\"widget\" data-widget_type=\"text-editor.default\">\n\t\t\t\t<div class=\"elementor-widget-container\">\n\t\t\t\t\t\t\t\t\t<p><strong>La teva generositat i comprom\u00eds tenen recompensa a l&#8217;hora de fer la declaraci\u00f3 de la renda.<\/strong><\/p>\n\t\t\t\t\t\t\t\t<\/div>\n\t\t\t\t<\/div>\n\t\t\t\t<div class=\"elementor-element elementor-element-fca21c5 elementor-hidden-mobile exad-sticky-section-no exad-glass-effect-no elementor-widget elementor-widget-exad-dual-button\" data-id=\"fca21c5\" data-element_type=\"widget\" data-e-type=\"widget\" data-widget_type=\"exad-dual-button.default\">\n\t\t\t\t<div class=\"elementor-widget-container\">\n\t\t\t\t\t\r\n        <div class=\"exad-dual-button exad-dual-button-align-center\">\r\n            <div class=\"exad-dual-button-wrapper\">\r\n                <a class=\"exad-dual-button-primary exad-dual-button-action effect-5\" href=\"https:\/\/aldeesinfantils.org\/ca\/collabora\/deduccions-fiscals\">\r\n                    <span class=\"\">\r\n                    <span>SOL\u00b7LICITAR CERTIFICAT DE DONACIONS<\/span>                    <\/span>\r\n\r\n                                    <\/a>\r\n                \r\n                <a class=\"exad-dual-button-secondary exad-dual-button-action effect-5\" href=\"https:\/\/aldeesinfantils.org\/ca\/collabora\/deduccions-fiscals\">\r\n                    <span class=\"\">\r\n                    <span>VEURE DEDUCCIONS FISCALS                        <\/span>                    <\/span>\r\n                <\/a>\r\n            <\/div>\r\n        <\/div>\r\n        \t\t\t\t<\/div>\n\t\t\t\t<\/div>\n\t\t\t\t<div class=\"elementor-element elementor-element-a3857b6 elementor-align-center elementor-hidden-widescreen elementor-hidden-desktop elementor-hidden-tablet exad-sticky-section-no exad-glass-effect-no elementor-widget elementor-widget-button\" data-id=\"a3857b6\" data-element_type=\"widget\" data-e-type=\"widget\" data-widget_type=\"button.default\">\n\t\t\t\t<div class=\"elementor-widget-container\">\n\t\t\t\t\t\t\t\t\t<div class=\"elementor-button-wrapper\">\n\t\t\t\t\t<a class=\"elementor-button elementor-button-link elementor-size-sm\" href=\"https:\/\/aldeesinfantils.org\/ca\/collabora\/certificat-de-donacions\" target=\"_blank\">\n\t\t\t\t\t\t<span class=\"elementor-button-content-wrapper\">\n\t\t\t\t\t\t\t\t\t<span class=\"elementor-button-text\">SOL\u00b7LICITAR CERTIFICAT DE DONACIONS<\/span>\n\t\t\t\t\t<\/span>\n\t\t\t\t\t<\/a>\n\t\t\t\t<\/div>\n\t\t\t\t\t\t\t\t<\/div>\n\t\t\t\t<\/div>\n\t\t\t\t<div class=\"elementor-element elementor-element-f69c855 elementor-align-center elementor-hidden-widescreen elementor-hidden-desktop elementor-hidden-tablet exad-sticky-section-no exad-glass-effect-no elementor-widget elementor-widget-button\" data-id=\"f69c855\" data-element_type=\"widget\" data-e-type=\"widget\" data-widget_type=\"button.default\">\n\t\t\t\t<div class=\"elementor-widget-container\">\n\t\t\t\t\t\t\t\t\t<div class=\"elementor-button-wrapper\">\n\t\t\t\t\t<a class=\"elementor-button elementor-button-link elementor-size-sm\" href=\"https:\/\/aldeesinfantils.org\/ca\/collabora\/deduccions-fiscals\" target=\"_blank\">\n\t\t\t\t\t\t<span class=\"elementor-button-content-wrapper\">\n\t\t\t\t\t\t\t\t\t<span class=\"elementor-button-text\">VEURE DEDUCCIONS FISCALS<\/span>\n\t\t\t\t\t<\/span>\n\t\t\t\t\t<\/a>\n\t\t\t\t<\/div>\n\t\t\t\t\t\t\t\t<\/div>\n\t\t\t\t<\/div>\n\t\t\t\t\t<\/div>\n\t\t\t\t<\/div>\n\t\t\t\t<\/div>\n\t\t","protected":false},"excerpt":{"rendered":"<p>Fes una donaci\u00f3! Col\u00b7labora amb nosaltres Col\u00b7labora amb nosaltresamb una donaci\u00f3 El teu donatiu ajuda a desenvolupar la nostra tasca social a favor de la inf\u00e0ncia i la joventut vulnerable perqu\u00e8 puguin cr\u00e9ixer en un ambient familiar sa i feli\u00e7 Si ets una empresa, visita la nostra p\u00e0gina de &#8220;Empreses compromeses&#8221; per veure les opcions [&hellip;]<\/p>\n","protected":false},"author":1,"featured_media":0,"parent":11782,"menu_order":3,"comment_status":"closed","ping_status":"closed","template":"elementor_header_footer","meta":{"footnotes":""},"class_list":["post-11828","page","type-page","status-publish","hentry"],"_links":{"self":[{"href":"https:\/\/aldeesinfantils.org\/ca\/wp-json\/wp\/v2\/pages\/11828","targetHints":{"allow":["GET"]}}],"collection":[{"href":"https:\/\/aldeesinfantils.org\/ca\/wp-json\/wp\/v2\/pages"}],"about":[{"href":"https:\/\/aldeesinfantils.org\/ca\/wp-json\/wp\/v2\/types\/page"}],"author":[{"embeddable":true,"href":"https:\/\/aldeesinfantils.org\/ca\/wp-json\/wp\/v2\/users\/1"}],"replies":[{"embeddable":true,"href":"https:\/\/aldeesinfantils.org\/ca\/wp-json\/wp\/v2\/comments?post=11828"}],"version-history":[{"count":0,"href":"https:\/\/aldeesinfantils.org\/ca\/wp-json\/wp\/v2\/pages\/11828\/revisions"}],"up":[{"embeddable":true,"href":"https:\/\/aldeesinfantils.org\/ca\/wp-json\/wp\/v2\/pages\/11782"}],"wp:attachment":[{"href":"https:\/\/aldeesinfantils.org\/ca\/wp-json\/wp\/v2\/media?parent=11828"}],"curies":[{"name":"wp","href":"https:\/\/api.w.org\/{rel}","templated":true}]}}