{"id":13816,"date":"2024-11-23T13:14:27","date_gmt":"2024-11-23T13:14:27","guid":{"rendered":"https:\/\/aldeesinfantils.org\/blog"},"modified":"2024-12-06T12:03:18","modified_gmt":"2024-12-06T12:03:18","slug":"blog","status":"publish","type":"page","link":"https:\/\/aldeesinfantils.org\/ca\/blog","title":{"rendered":"Blog"},"content":{"rendered":"\t\t<div data-elementor-type=\"wp-page\" data-elementor-id=\"13816\" class=\"elementor elementor-13816 elementor-13730\" data-elementor-post-type=\"page\">\n\t\t\t\t<div class=\"elementor-element elementor-element-b8ee0d2 e-con-full e-flex e-con e-parent\" data-id=\"b8ee0d2\" data-element_type=\"container\" data-e-type=\"container\" data-settings=\"{&quot;background_background&quot;:&quot;classic&quot;,&quot;jet_parallax_layout_list&quot;:[]}\">\n\t\t\t\t<div class=\"elementor-element elementor-element-09e3ede elementor-widget__width-inherit animated-slow exad-sticky-section-no exad-glass-effect-no elementor-invisible elementor-widget elementor-widget-heading\" data-id=\"09e3ede\" data-element_type=\"widget\" data-e-type=\"widget\" data-settings=\"{&quot;_animation&quot;:&quot;fadeIn&quot;,&quot;_animation_delay&quot;:700}\" data-widget_type=\"heading.default\">\n\t\t\t\t<div class=\"elementor-widget-container\">\n\t\t\t\t\t<h2 class=\"elementor-heading-title elementor-size-default\">Blog de not\u00edcies<\/h2>\t\t\t\t<\/div>\n\t\t\t\t<\/div>\n\t\t\t\t<\/div>\n\t\t<div class=\"elementor-element elementor-element-6c9c459c e-con-full e-flex e-con e-parent\" data-id=\"6c9c459c\" data-element_type=\"container\" data-e-type=\"container\" data-settings=\"{&quot;jet_parallax_layout_list&quot;:[]}\">\n\t\t\t\t<div class=\"elementor-element elementor-element-be3ef65 elementor-posts__hover-none elementor-grid-3 elementor-grid-tablet-2 elementor-grid-mobile-1 elementor-posts--thumbnail-top exad-sticky-section-no exad-glass-effect-no elementor-widget elementor-widget-posts\" data-id=\"be3ef65\" data-element_type=\"widget\" data-e-type=\"widget\" data-settings=\"{&quot;cards_row_gap&quot;:{&quot;unit&quot;:&quot;px&quot;,&quot;size&quot;:60,&quot;sizes&quot;:[]},&quot;cards_row_gap_tablet&quot;:{&quot;unit&quot;:&quot;px&quot;,&quot;size&quot;:71,&quot;sizes&quot;:[]},&quot;cards_row_gap_mobile&quot;:{&quot;unit&quot;:&quot;px&quot;,&quot;size&quot;:30,&quot;sizes&quot;:[]},&quot;cards_columns&quot;:&quot;3&quot;,&quot;cards_columns_tablet&quot;:&quot;2&quot;,&quot;cards_columns_mobile&quot;:&quot;1&quot;,&quot;cards_row_gap_widescreen&quot;:{&quot;unit&quot;:&quot;px&quot;,&quot;size&quot;:&quot;&quot;,&quot;sizes&quot;:[]}}\" data-widget_type=\"posts.cards\">\n\t\t\t\t<div class=\"elementor-widget-container\">\n\t\t\t\t\t\t\t<div class=\"elementor-posts-container elementor-posts elementor-posts--skin-cards elementor-grid\" role=\"list\">\n\t\t\t\t<article class=\"elementor-post elementor-grid-item post-14644 post type-post status-publish format-standard has-post-thumbnail hentry category-blog-ca\" role=\"listitem\">\n\t\t\t<div class=\"elementor-post__card\">\n\t\t\t\t<a class=\"elementor-post__thumbnail__link\" href=\"https:\/\/aldeesinfantils.org\/ca\/violencia-digital-com-protegir-nens-i-adolescents-en-un-mon-connectat\" tabindex=\"-1\" ><div class=\"elementor-post__thumbnail\"><img fetchpriority=\"high\" decoding=\"async\" width=\"1200\" height=\"801\" src=\"https:\/\/aldeesinfantils.org\/wp-content\/uploads\/2025\/10\/Dia-Internacional-de-la-No-Violencia-1200x801-1.jpg\" class=\"attachment-full size-full wp-image-14639\" alt=\"\" srcset=\"https:\/\/aldeesinfantils.org\/wp-content\/uploads\/2025\/10\/Dia-Internacional-de-la-No-Violencia-1200x801-1.jpg 1200w, https:\/\/aldeesinfantils.org\/wp-content\/uploads\/2025\/10\/Dia-Internacional-de-la-No-Violencia-1200x801-1-300x200.jpg 300w, https:\/\/aldeesinfantils.org\/wp-content\/uploads\/2025\/10\/Dia-Internacional-de-la-No-Violencia-1200x801-1-1024x684.jpg 1024w, https:\/\/aldeesinfantils.org\/wp-content\/uploads\/2025\/10\/Dia-Internacional-de-la-No-Violencia-1200x801-1-768x513.jpg 768w\" sizes=\"(max-width: 1200px) 100vw, 1200px\" \/><\/div><\/a>\n\t\t\t\t<div class=\"elementor-post__text\">\n\t\t\t\t<h4 class=\"elementor-post__title\">\n\t\t\t<a href=\"https:\/\/aldeesinfantils.org\/ca\/violencia-digital-com-protegir-nens-i-adolescents-en-un-mon-connectat\" >\n\t\t\t\tViol\u00e8ncia digital: com protegir nens i adolescents en un m\u00f3n connectat\t\t\t<\/a>\n\t\t<\/h4>\n\t\t\n\t\t<a class=\"elementor-post__read-more\" href=\"https:\/\/aldeesinfantils.org\/ca\/violencia-digital-com-protegir-nens-i-adolescents-en-un-mon-connectat\" aria-label=\"Read more about Viol\u00e8ncia digital: com protegir nens i adolescents en un m\u00f3n connectat\" tabindex=\"-1\" >\n\t\t\tLLEGIR-NE M\u00c9S\t\t<\/a>\n\n\t\t\t\t<\/div>\n\t\t\t\t\t<\/div>\n\t\t<\/article>\n\t\t\t\t<article class=\"elementor-post elementor-grid-item post-14672 post type-post status-publish format-standard has-post-thumbnail hentry category-blog-ca\" role=\"listitem\">\n\t\t\t<div class=\"elementor-post__card\">\n\t\t\t\t<a class=\"elementor-post__thumbnail__link\" href=\"https:\/\/aldeesinfantils.org\/ca\/podcast-recomanats-per-a-mares-pares-i-nens\" tabindex=\"-1\" ><div class=\"elementor-post__thumbnail\"><img decoding=\"async\" width=\"1200\" height=\"747\" src=\"https:\/\/aldeesinfantils.org\/wp-content\/uploads\/2025\/10\/Dia-Internacional-del-podcast-1-1200x747-1.jpg\" class=\"attachment-full size-full wp-image-14667\" alt=\"\" srcset=\"https:\/\/aldeesinfantils.org\/wp-content\/uploads\/2025\/10\/Dia-Internacional-del-podcast-1-1200x747-1.jpg 1200w, https:\/\/aldeesinfantils.org\/wp-content\/uploads\/2025\/10\/Dia-Internacional-del-podcast-1-1200x747-1-300x187.jpg 300w, https:\/\/aldeesinfantils.org\/wp-content\/uploads\/2025\/10\/Dia-Internacional-del-podcast-1-1200x747-1-1024x637.jpg 1024w, https:\/\/aldeesinfantils.org\/wp-content\/uploads\/2025\/10\/Dia-Internacional-del-podcast-1-1200x747-1-768x478.jpg 768w\" sizes=\"(max-width: 1200px) 100vw, 1200px\" \/><\/div><\/a>\n\t\t\t\t<div class=\"elementor-post__text\">\n\t\t\t\t<h4 class=\"elementor-post__title\">\n\t\t\t<a href=\"https:\/\/aldeesinfantils.org\/ca\/podcast-recomanats-per-a-mares-pares-i-nens\" >\n\t\t\t\tP\u00f2dcast recomanats per a mares, pares i nens\t\t\t<\/a>\n\t\t<\/h4>\n\t\t\n\t\t<a class=\"elementor-post__read-more\" href=\"https:\/\/aldeesinfantils.org\/ca\/podcast-recomanats-per-a-mares-pares-i-nens\" aria-label=\"Read more about P\u00f2dcast recomanats per a mares, pares i nens\" tabindex=\"-1\" >\n\t\t\tLLEGIR-NE M\u00c9S\t\t<\/a>\n\n\t\t\t\t<\/div>\n\t\t\t\t\t<\/div>\n\t\t<\/article>\n\t\t\t\t<article class=\"elementor-post elementor-grid-item post-14659 post type-post status-publish format-standard has-post-thumbnail hentry category-blog-ca\" role=\"listitem\">\n\t\t\t<div class=\"elementor-post__card\">\n\t\t\t\t<a class=\"elementor-post__thumbnail__link\" href=\"https:\/\/aldeesinfantils.org\/ca\/paraules-que-construeixen-pau-educar-els-nens-en-la-comunicacio-no-violenta\" tabindex=\"-1\" ><div class=\"elementor-post__thumbnail\"><img decoding=\"async\" width=\"1200\" height=\"800\" src=\"https:\/\/aldeesinfantils.org\/wp-content\/uploads\/2025\/10\/Dia-Internacional-de-la-paz-1200x800-1.jpg\" class=\"attachment-full size-full wp-image-14654\" alt=\"\" srcset=\"https:\/\/aldeesinfantils.org\/wp-content\/uploads\/2025\/10\/Dia-Internacional-de-la-paz-1200x800-1.jpg 1200w, https:\/\/aldeesinfantils.org\/wp-content\/uploads\/2025\/10\/Dia-Internacional-de-la-paz-1200x800-1-300x200.jpg 300w, https:\/\/aldeesinfantils.org\/wp-content\/uploads\/2025\/10\/Dia-Internacional-de-la-paz-1200x800-1-1024x683.jpg 1024w, https:\/\/aldeesinfantils.org\/wp-content\/uploads\/2025\/10\/Dia-Internacional-de-la-paz-1200x800-1-768x512.jpg 768w\" sizes=\"(max-width: 1200px) 100vw, 1200px\" \/><\/div><\/a>\n\t\t\t\t<div class=\"elementor-post__text\">\n\t\t\t\t<h4 class=\"elementor-post__title\">\n\t\t\t<a href=\"https:\/\/aldeesinfantils.org\/ca\/paraules-que-construeixen-pau-educar-els-nens-en-la-comunicacio-no-violenta\" >\n\t\t\t\tParaules que construeixen pau: educar els nens en la comunicaci\u00f3 no violenta\t\t\t<\/a>\n\t\t<\/h4>\n\t\t\n\t\t<a class=\"elementor-post__read-more\" href=\"https:\/\/aldeesinfantils.org\/ca\/paraules-que-construeixen-pau-educar-els-nens-en-la-comunicacio-no-violenta\" aria-label=\"Read more about Paraules que construeixen pau: educar els nens en la comunicaci\u00f3 no violenta\" tabindex=\"-1\" >\n\t\t\tLLEGIR-NE M\u00c9S\t\t<\/a>\n\n\t\t\t\t<\/div>\n\t\t\t\t\t<\/div>\n\t\t<\/article>\n\t\t\t\t<article class=\"elementor-post elementor-grid-item post-14619 post type-post status-publish format-standard has-post-thumbnail hentry category-blog-ca\" role=\"listitem\">\n\t\t\t<div class=\"elementor-post__card\">\n\t\t\t\t<a class=\"elementor-post__thumbnail__link\" href=\"https:\/\/aldeesinfantils.org\/ca\/el-rol-de-la-familia-en-la-prevencio-del-suicidi-adolescent\" tabindex=\"-1\" ><div class=\"elementor-post__thumbnail\"><img loading=\"lazy\" decoding=\"async\" width=\"640\" height=\"427\" src=\"https:\/\/aldeesinfantils.org\/wp-content\/uploads\/2025\/09\/image-640x427-1.png\" class=\"attachment-full size-full wp-image-14613\" alt=\"\" srcset=\"https:\/\/aldeesinfantils.org\/wp-content\/uploads\/2025\/09\/image-640x427-1.png 640w, https:\/\/aldeesinfantils.org\/wp-content\/uploads\/2025\/09\/image-640x427-1-300x200.png 300w\" sizes=\"(max-width: 640px) 100vw, 640px\" \/><\/div><\/a>\n\t\t\t\t<div class=\"elementor-post__text\">\n\t\t\t\t<h4 class=\"elementor-post__title\">\n\t\t\t<a href=\"https:\/\/aldeesinfantils.org\/ca\/el-rol-de-la-familia-en-la-prevencio-del-suicidi-adolescent\" >\n\t\t\t\tEl rol de la fam\u00edlia en la prevenci\u00f3 del su\u00efcidi adolescent\t\t\t<\/a>\n\t\t<\/h4>\n\t\t\n\t\t<a class=\"elementor-post__read-more\" href=\"https:\/\/aldeesinfantils.org\/ca\/el-rol-de-la-familia-en-la-prevencio-del-suicidi-adolescent\" aria-label=\"Read more about El rol de la fam\u00edlia en la prevenci\u00f3 del su\u00efcidi adolescent\" tabindex=\"-1\" >\n\t\t\tLLEGIR-NE M\u00c9S\t\t<\/a>\n\n\t\t\t\t<\/div>\n\t\t\t\t\t<\/div>\n\t\t<\/article>\n\t\t\t\t<article class=\"elementor-post elementor-grid-item post-14631 post type-post status-publish format-standard has-post-thumbnail hentry category-espanya category-noticies\" role=\"listitem\">\n\t\t\t<div class=\"elementor-post__card\">\n\t\t\t\t<a class=\"elementor-post__thumbnail__link\" href=\"https:\/\/aldeesinfantils.org\/ca\/aldees-infantils-sos-reclama-educacio-emocional-i-mes-recursos-de-salut-mental-per-prevenir-el-suicidi-adolescent-i-juvenil\" tabindex=\"-1\" ><div class=\"elementor-post__thumbnail\"><img loading=\"lazy\" decoding=\"async\" width=\"1200\" height=\"801\" src=\"https:\/\/aldeesinfantils.org\/wp-content\/uploads\/2025\/09\/Dia-Mundial-Prevencion-Suicidio-Aldeas-Infantiles-1200x801-1.jpg\" class=\"attachment-full size-full wp-image-14625\" alt=\"\" srcset=\"https:\/\/aldeesinfantils.org\/wp-content\/uploads\/2025\/09\/Dia-Mundial-Prevencion-Suicidio-Aldeas-Infantiles-1200x801-1.jpg 1200w, https:\/\/aldeesinfantils.org\/wp-content\/uploads\/2025\/09\/Dia-Mundial-Prevencion-Suicidio-Aldeas-Infantiles-1200x801-1-300x200.jpg 300w, https:\/\/aldeesinfantils.org\/wp-content\/uploads\/2025\/09\/Dia-Mundial-Prevencion-Suicidio-Aldeas-Infantiles-1200x801-1-1024x684.jpg 1024w, https:\/\/aldeesinfantils.org\/wp-content\/uploads\/2025\/09\/Dia-Mundial-Prevencion-Suicidio-Aldeas-Infantiles-1200x801-1-768x513.jpg 768w\" sizes=\"(max-width: 1200px) 100vw, 1200px\" \/><\/div><\/a>\n\t\t\t\t<div class=\"elementor-post__text\">\n\t\t\t\t<h4 class=\"elementor-post__title\">\n\t\t\t<a href=\"https:\/\/aldeesinfantils.org\/ca\/aldees-infantils-sos-reclama-educacio-emocional-i-mes-recursos-de-salut-mental-per-prevenir-el-suicidi-adolescent-i-juvenil\" >\n\t\t\t\tAldees Infantils SOS reclama educaci\u00f3 emocional i m\u00e9s recursos de salut mental per prevenir el su\u00efcidi adolescent i juvenil\t\t\t<\/a>\n\t\t<\/h4>\n\t\t\n\t\t<a class=\"elementor-post__read-more\" href=\"https:\/\/aldeesinfantils.org\/ca\/aldees-infantils-sos-reclama-educacio-emocional-i-mes-recursos-de-salut-mental-per-prevenir-el-suicidi-adolescent-i-juvenil\" aria-label=\"Read more about Aldees Infantils SOS reclama educaci\u00f3 emocional i m\u00e9s recursos de salut mental per prevenir el su\u00efcidi adolescent i juvenil\" tabindex=\"-1\" >\n\t\t\tLLEGIR-NE M\u00c9S\t\t<\/a>\n\n\t\t\t\t<\/div>\n\t\t\t\t\t<\/div>\n\t\t<\/article>\n\t\t\t\t<article class=\"elementor-post elementor-grid-item post-14607 post type-post status-publish format-standard has-post-thumbnail hentry category-blog-ca\" role=\"listitem\">\n\t\t\t<div class=\"elementor-post__card\">\n\t\t\t\t<a class=\"elementor-post__thumbnail__link\" href=\"https:\/\/aldeesinfantils.org\/ca\/recomanacions-per-preparar-la-tornada-dels-infants-a-lescola\" tabindex=\"-1\" ><div class=\"elementor-post__thumbnail\"><img loading=\"lazy\" decoding=\"async\" width=\"1200\" height=\"800\" src=\"https:\/\/aldeesinfantils.org\/wp-content\/uploads\/2025\/09\/Vuelta-al-cole-1200x800-1.jpg\" class=\"attachment-full size-full wp-image-14602\" alt=\"\" srcset=\"https:\/\/aldeesinfantils.org\/wp-content\/uploads\/2025\/09\/Vuelta-al-cole-1200x800-1.jpg 1200w, https:\/\/aldeesinfantils.org\/wp-content\/uploads\/2025\/09\/Vuelta-al-cole-1200x800-1-300x200.jpg 300w, https:\/\/aldeesinfantils.org\/wp-content\/uploads\/2025\/09\/Vuelta-al-cole-1200x800-1-1024x683.jpg 1024w, https:\/\/aldeesinfantils.org\/wp-content\/uploads\/2025\/09\/Vuelta-al-cole-1200x800-1-768x512.jpg 768w\" sizes=\"(max-width: 1200px) 100vw, 1200px\" \/><\/div><\/a>\n\t\t\t\t<div class=\"elementor-post__text\">\n\t\t\t\t<h4 class=\"elementor-post__title\">\n\t\t\t<a href=\"https:\/\/aldeesinfantils.org\/ca\/recomanacions-per-preparar-la-tornada-dels-infants-a-lescola\" >\n\t\t\t\tRecomanacions per preparar la tornada dels infants a l&#8217;escola\t\t\t<\/a>\n\t\t<\/h4>\n\t\t\n\t\t<a class=\"elementor-post__read-more\" href=\"https:\/\/aldeesinfantils.org\/ca\/recomanacions-per-preparar-la-tornada-dels-infants-a-lescola\" aria-label=\"Read more about Recomanacions per preparar la tornada dels infants a l&#8217;escola\" tabindex=\"-1\" >\n\t\t\tLLEGIR-NE M\u00c9S\t\t<\/a>\n\n\t\t\t\t<\/div>\n\t\t\t\t\t<\/div>\n\t\t<\/article>\n\t\t\t\t<\/div>\n\t\t\n\t\t\t\t<div class=\"e-load-more-anchor\" data-page=\"1\" data-max-page=\"9\" data-next-page=\"https:\/\/aldeesinfantils.org\/ca\/wp-json\/wp\/v2\/pages\/13816\/page\/2\"><\/div>\n\t\t\t\t<nav class=\"elementor-pagination\" aria-label=\"Paginaci\u00f3\">\n\t\t\t<span class=\"page-numbers prev\">\u00ab Pr\u00e8via<\/span>\n<span aria-current=\"page\" class=\"page-numbers current\"><span class=\"elementor-screen-only\">P\u00e0gina<\/span>1<\/span>\n<a class=\"page-numbers\" href=\"https:\/\/aldeesinfantils.org\/ca\/wp-json\/wp\/v2\/pages\/13816\/page\/2\"><span class=\"elementor-screen-only\">P\u00e0gina<\/span>2<\/a>\n<a class=\"page-numbers\" href=\"https:\/\/aldeesinfantils.org\/ca\/wp-json\/wp\/v2\/pages\/13816\/page\/3\"><span class=\"elementor-screen-only\">P\u00e0gina<\/span>3<\/a>\n<span class=\"page-numbers dots\">&hellip;<\/span>\n<a class=\"page-numbers\" href=\"https:\/\/aldeesinfantils.org\/ca\/wp-json\/wp\/v2\/pages\/13816\/page\/9\"><span class=\"elementor-screen-only\">P\u00e0gina<\/span>9<\/a>\n<a class=\"page-numbers next\" href=\"https:\/\/aldeesinfantils.org\/ca\/wp-json\/wp\/v2\/pages\/13816\/page\/2\">Seg\u00fcent \u00bb<\/a>\t\t<\/nav>\n\t\t\t\t\t\t<\/div>\n\t\t\t\t<\/div>\n\t\t\t\t<\/div>\n\t\t\t\t<\/div>\n\t\t","protected":false},"excerpt":{"rendered":"<p>Blog de not\u00edcies<\/p>\n","protected":false},"author":1,"featured_media":0,"parent":0,"menu_order":0,"comment_status":"closed","ping_status":"closed","template":"","meta":{"footnotes":""},"class_list":["post-13816","page","type-page","status-publish","hentry"],"_links":{"self":[{"href":"https:\/\/aldeesinfantils.org\/ca\/wp-json\/wp\/v2\/pages\/13816","targetHints":{"allow":["GET"]}}],"collection":[{"href":"https:\/\/aldeesinfantils.org\/ca\/wp-json\/wp\/v2\/pages"}],"about":[{"href":"https:\/\/aldeesinfantils.org\/ca\/wp-json\/wp\/v2\/types\/page"}],"author":[{"embeddable":true,"href":"https:\/\/aldeesinfantils.org\/ca\/wp-json\/wp\/v2\/users\/1"}],"replies":[{"embeddable":true,"href":"https:\/\/aldeesinfantils.org\/ca\/wp-json\/wp\/v2\/comments?post=13816"}],"version-history":[{"count":0,"href":"https:\/\/aldeesinfantils.org\/ca\/wp-json\/wp\/v2\/pages\/13816\/revisions"}],"wp:attachment":[{"href":"https:\/\/aldeesinfantils.org\/ca\/wp-json\/wp\/v2\/media?parent=13816"}],"curies":[{"name":"wp","href":"https:\/\/api.w.org\/{rel}","templated":true}]}}